{"id":12395,"date":"2022-06-10T15:08:33","date_gmt":"2022-06-10T15:08:33","guid":{"rendered":"https:\/\/smarttechnologyco.com\/?page_id=12395"},"modified":"2022-06-10T15:26:45","modified_gmt":"2022-06-10T15:26:45","slug":"terminos-y-condiciones","status":"publish","type":"page","link":"https:\/\/smarttechnologyco.com\/index.php\/terminos-y-condiciones\/","title":{"rendered":"T\u00c9RMINOS Y CONDICIONES"},"content":{"rendered":"\t\t<div data-elementor-type=\"wp-page\" data-elementor-id=\"12395\" class=\"elementor elementor-12395\" data-elementor-post-type=\"page\">\n\t\t\t\t\t\t<section class=\"wd-negative-gap elementor-section elementor-top-section elementor-element elementor-element-234d9bab elementor-section-full_width elementor-section-stretched elementor-section-height-default elementor-section-height-default\" data-id=\"234d9bab\" data-element_type=\"section\" data-settings=\"{&quot;background_background&quot;:&quot;classic&quot;,&quot;stretch_section&quot;:&quot;section-stretched&quot;}\">\n\t\t\t\t\t\t\t<div class=\"elementor-background-overlay\"><\/div>\n\t\t\t\t\t\t\t<div class=\"elementor-container elementor-column-gap-default\">\n\t\t\t\t\t<div class=\"elementor-column elementor-col-100 elementor-top-column elementor-element elementor-element-35a47fbe\" data-id=\"35a47fbe\" data-element_type=\"column\">\n\t\t\t<div class=\"elementor-widget-wrap elementor-element-populated\">\n\t\t\t\t\t\t<section class=\"wd-negative-gap elementor-section elementor-inner-section elementor-element elementor-element-65697ad4 elementor-section-boxed elementor-section-height-default elementor-section-height-default\" data-id=\"65697ad4\" data-element_type=\"section\">\n\t\t\t\t\t\t<div class=\"elementor-container elementor-column-gap-default\">\n\t\t\t\t\t<div class=\"elementor-column elementor-col-50 elementor-inner-column elementor-element elementor-element-2b881105\" data-id=\"2b881105\" data-element_type=\"column\">\n\t\t\t<div class=\"elementor-widget-wrap elementor-element-populated\">\n\t\t\t\t\t\t<div class=\"elementor-element elementor-element-2826862c elementor-invisible elementor-widget elementor-widget-heading\" data-id=\"2826862c\" data-element_type=\"widget\" data-settings=\"{&quot;_animation&quot;:&quot;fadeInUp&quot;}\" data-widget_type=\"heading.default\">\n\t\t\t\t<div class=\"elementor-widget-container\">\n\t\t\t\t\t<h2 class=\"elementor-heading-title elementor-size-default\">T\u00c9RMINOS Y CONDICIONES<\/h2>\t\t\t\t<\/div>\n\t\t\t\t<\/div>\n\t\t\t\t\t<\/div>\n\t\t<\/div>\n\t\t\t\t<div class=\"elementor-column elementor-col-50 elementor-inner-column elementor-element elementor-element-f226d3c\" data-id=\"f226d3c\" data-element_type=\"column\">\n\t\t\t<div class=\"elementor-widget-wrap\">\n\t\t\t\t\t\t\t<\/div>\n\t\t<\/div>\n\t\t\t\t\t<\/div>\n\t\t<\/section>\n\t\t\t\t<div class=\"elementor-element elementor-element-2367542b elementor-widget-divider--view-line elementor-invisible elementor-widget elementor-widget-divider\" data-id=\"2367542b\" data-element_type=\"widget\" data-settings=\"{&quot;_animation&quot;:&quot;fadeIn&quot;,&quot;_animation_delay&quot;:200}\" data-widget_type=\"divider.default\">\n\t\t\t\t<div class=\"elementor-widget-container\">\n\t\t\t\t\t\t\t<div class=\"elementor-divider\">\n\t\t\t<span class=\"elementor-divider-separator\">\n\t\t\t\t\t\t<\/span>\n\t\t<\/div>\n\t\t\t\t\t\t<\/div>\n\t\t\t\t<\/div>\n\t\t\t\t<section class=\"wd-negative-gap elementor-section elementor-inner-section elementor-element elementor-element-434320f0 elementor-section-boxed elementor-section-height-default elementor-section-height-default\" data-id=\"434320f0\" data-element_type=\"section\">\n\t\t\t\t\t\t<div class=\"elementor-container elementor-column-gap-default\">\n\t\t\t\t\t<div class=\"elementor-column elementor-col-33 elementor-inner-column elementor-element elementor-element-c66c520 elementor-invisible\" data-id=\"c66c520\" data-element_type=\"column\" data-settings=\"{&quot;animation&quot;:&quot;fadeInUp&quot;}\">\n\t\t\t<div class=\"elementor-widget-wrap\">\n\t\t\t\t\t\t\t<\/div>\n\t\t<\/div>\n\t\t\t\t<div class=\"elementor-column elementor-col-33 elementor-inner-column elementor-element elementor-element-0e4af26 elementor-invisible\" data-id=\"0e4af26\" data-element_type=\"column\" data-settings=\"{&quot;animation&quot;:&quot;fadeInUp&quot;}\">\n\t\t\t<div class=\"elementor-widget-wrap elementor-element-populated\">\n\t\t\t\t\t\t<div class=\"elementor-element elementor-element-4949a50 color-scheme-inherit text-left elementor-widget elementor-widget-text-editor\" data-id=\"4949a50\" data-element_type=\"widget\" data-widget_type=\"text-editor.default\">\n\t\t\t\t<div class=\"elementor-widget-container\">\n\t\t\t\t\t\t\t\t\t<p class=\"MsoNormal\" style=\"line-height: 150%; text-align: JUSTIFY;\"><span style=\"font-size: 12.0pt; line-height: 150%; font-family: 'Arial',sans-serif;\">Los t\u00e9rminos y condiciones es un documento que rige la relaci\u00f3n y los requisitos que puede haber entre un proveedor de un servicio o producto con un usuario final, es aqu\u00ed donde se aceptan y empiezan las relaciones econ\u00f3micas y comerciales.<\/span><\/p>\n<p class=\"MsoNormal\" style=\"line-height: 150%; text-align: JUSTIFY;\"><span style=\"font-size: 12.0pt; line-height: 150%; font-family: 'Arial',sans-serif;\">Los t\u00e9rminos y condiciones de uso aplicables al sitio web <\/span><a href=\"http:\/\/www.smarttechnologyco.com\/\"><span style=\"font-size: 12pt; line-height: 150%; font-family: Arial, sans-serif; color: #ffffff;\">www.smarttechnologyco.co<\/span><span style=\"font-size: 12.0pt; line-height: 150%; font-family: 'Arial',sans-serif; color: windowtext;\">m<\/span><\/a><span style=\"font-size: 12.0pt; line-height: 150%; font-family: 'Arial',sans-serif;\">, el cual es manejado y operado por SMART TECHNOLOGY CO, entidad comercial identificada con nit 75087925-4 con direcci\u00f3n en la calle 69 N\u00b0 9A -85 de la ciudad de Manizales \u2013 Caldas en el pa\u00eds de Colombia. \u00a0Los usuarios o los particulares que ingresen y hagan uso del respectivo sitio web <\/span><a href=\"http:\/\/www.smarttechnologyco.com\/\"><span style=\"font-size: 12.0pt; line-height: 150%; font-family: 'Arial',sans-serif; color: windowtext;\"><span style=\"color: #ffffff;\">www.smarttechnologyco.co<\/span>m<\/span><\/a><span style=\"font-size: 12.0pt; line-height: 150%; font-family: 'Arial',sans-serif;\"> se comprometen a cumplir los t\u00e9rminos y condiciones aqu\u00ed expuestos. <\/span><\/p>\n<p class=\"MsoNormal\" style=\"line-height: 150%; text-align: JUSTIFY;\"><span style=\"font-size: 12.0pt; line-height: 150%; font-family: 'Arial',sans-serif;\">La aceptaci\u00f3n y uso del respectivo sitio web est\u00e1n en el deber de leer y aceptar los t\u00e9rminos y condiciones aqu\u00ed expuestos, as\u00ed como tambi\u00e9n el tratamiento de los datos personales y de qu\u00e9 sean ver\u00eddicos de cada uno de los clientes que usen y utilicen el servicio web de la correspondiente p\u00e1gina. <\/span><\/p>\n<p class=\"MsoNormal\" style=\"line-height: 150%; text-align: JUSTIFY;\"><span style=\"font-size: 12.0pt; line-height: 150%; font-family: 'Arial',sans-serif;\">Smart Technology Co, se mantiene en el derecho de realizar cualquier tipo de modificaci\u00f3n y sin previo aviso de las condiciones de uso, de los tratamientos de datos y de cambios que se le hagan a la pagina web sin que con ello se tenga a cualquier tipo de compensaci\u00f3n alguna para los usuarios y es de total responsabilidad estar actualizados en lo que refiere a los t\u00e9rminos y condiciones de uso del respectivo sitio web. <\/span><\/p>\n<p class=\"MsoNormal\" style=\"line-height: 150%; text-align: JUSTIFY;\"><span style=\"font-size: 12.0pt; line-height: 150%; font-family: 'Arial',sans-serif;\">Uno de los deberes de los usuarios es la de suministrar su informaci\u00f3n personal correcta y ver\u00eddica como tambi\u00e9n cada vez que se requiera la actualizaci\u00f3n de sus datos personales. Es totalmente prohibido por parte de los usuarios usar rutinas o alg\u00fan tipo de software que pueda afectar el debido funcionamiento de nuestra p\u00e1gina web aqu\u00ed mencionada. Es de total responsabilidad el buen manejo qu\u00e9 de un usuario a sus equipos personales, debido a, que como bien es sabido pueden estar expuestos a programas esp\u00edas o software ilegal que lleguen afectar cualquier tipo de transacci\u00f3n electr\u00f3nica y verse perjudicado. <\/span><\/p>\n<p class=\"MsoNormal\" style=\"line-height: 150%; text-align: JUSTIFY;\"><span style=\"font-size: 12.0pt; line-height: 150%; font-family: 'Arial',sans-serif;\">En el caso de los proveedores que al igual que todos tambi\u00e9n tienen sus propias pol\u00edticas y sus condiciones de uso y que de acuerdo con esto, nuestro sitio web les har\u00e1 saber en su debido momento a los usuarios sea por este medio o por cualquier otro como correo electr\u00f3nico, WhatsApp o directamente con el proveedor y de las condiciones de uso a los que los usuarios deben tener conocimiento. <\/span><\/p>\n<p class=\"MsoNormal\" style=\"line-height: 150%; text-align: JUSTIFY;\"><span style=\"font-size: 12.0pt; line-height: 150%; font-family: 'Arial',sans-serif;\">Para el registro y uso del sitio web deber\u00e1 completar todos los datos aqu\u00ed solicitados para convertirse en usuario autorizado del sitio web y de poder tener acceso a los servicios, productos y promociones aqu\u00ed expuestos en la p\u00e1gina web. Los usuarios ser\u00e1n responsables de la veracidad de los datos que suministren y dejen al completar el respectivo formulario de registro y de actualizar \u00e9stos en caso de que sea necesario y solicitado. Cada usuario tendr\u00e1 derecho a una sola cuenta con su correspondiente correo, si se detecta que \u00e9ste posee m\u00e1s de dos cuentas ser\u00e1 dado de baja por el sistema. <\/span><\/p>\n<p class=\"MsoNormal\" style=\"line-height: 150%; text-align: JUSTIFY;\"><\/p>\t\t\t\t\t\t\t\t<\/div>\n\t\t\t\t<\/div>\n\t\t\t\t\t<\/div>\n\t\t<\/div>\n\t\t\t\t<div class=\"elementor-column elementor-col-33 elementor-inner-column elementor-element elementor-element-5645b541 elementor-invisible\" data-id=\"5645b541\" data-element_type=\"column\" data-settings=\"{&quot;animation&quot;:&quot;fadeInUp&quot;,&quot;animation_delay&quot;:100}\">\n\t\t\t<div class=\"elementor-widget-wrap elementor-element-populated\">\n\t\t\t\t\t\t<div class=\"elementor-element elementor-element-a43c528 elementor-widget elementor-widget-accordion\" data-id=\"a43c528\" data-element_type=\"widget\" data-widget_type=\"accordion.default\">\n\t\t\t\t<div class=\"elementor-widget-container\">\n\t\t\t\t\t\t\t<div class=\"elementor-accordion\">\n\t\t\t\t\t\t\t<div class=\"elementor-accordion-item\">\n\t\t\t\t\t<div id=\"elementor-tab-title-1721\" class=\"elementor-tab-title\" data-tab=\"1\" role=\"button\" aria-controls=\"elementor-tab-content-1721\" aria-expanded=\"false\">\n\t\t\t\t\t\t\t\t\t\t\t\t\t<span class=\"elementor-accordion-icon elementor-accordion-icon-right\" aria-hidden=\"true\">\n\t\t\t\t\t\t\t\t\t\t\t\t\t\t\t<span class=\"elementor-accordion-icon-closed\"><i class=\"fas fa-plus\"><\/i><\/span>\n\t\t\t\t\t\t\t\t<span class=\"elementor-accordion-icon-opened\"><i class=\"fas fa-minus\"><\/i><\/span>\n\t\t\t\t\t\t\t\t\t\t\t\t\t\t<\/span>\n\t\t\t\t\t\t\t\t\t\t\t\t<a class=\"elementor-accordion-title\" tabindex=\"0\">PROMOCIONES<\/a>\n\t\t\t\t\t<\/div>\n\t\t\t\t\t<div id=\"elementor-tab-content-1721\" class=\"elementor-tab-content elementor-clearfix\" data-tab=\"1\" role=\"region\" aria-labelledby=\"elementor-tab-title-1721\"><p style=\"font-weight: 400; text-align: JUSTIFY;\"><span style=\"font-style: inherit; font-weight: inherit;\">Las promociones que se ofrezcan por medio de la p\u00e1gina web y que tengan alg\u00fan descuento sea en la entrega o de un producto por la compra de otro producto, est\u00e1n sometidas a las normas vigentes y a todas las disposiciones de ley. Adicionalmente se pueden disponer de cupones o bonos de descuento cuando fuere necesario el aumento de las ventas o por incentivar a los usuarios a que conozcan m\u00e1s del sitio web, estos cupones de descuento son de car\u00e1cter gratuito y se tendr\u00e1 en cuenta el valor del cup\u00f3n y la cantidad m\u00ednima de compra para acceder y hacer valer dicho cup\u00f3n como tambi\u00e9n las fechas de validez del mismo. Para que el cup\u00f3n se haga valido el usuario debe estar registrado y ser mayor de edad. El cup\u00f3n no es transferible, acumulable y utilizado por solo un usuario. La caducidad o validez de una oferta o promoci\u00f3n est\u00e1 dentro un plazo estipulado o hasta agotar alguna referencia que haya en existencia. Para tener en cuenta es que un producto o una determinada referencia en promoci\u00f3n no tendr\u00e1 ninguna devoluci\u00f3n por parte del sitio web y del proveedor que lo haya estipulado.<\/span><\/p>\n<p style=\"font-weight: 400;\"><span style=\"font-style: inherit; font-weight: inherit;\">\u00a0<\/span><\/p><\/div>\n\t\t\t\t<\/div>\n\t\t\t\t\t\t\t<div class=\"elementor-accordion-item\">\n\t\t\t\t\t<div id=\"elementor-tab-title-1722\" class=\"elementor-tab-title\" data-tab=\"2\" role=\"button\" aria-controls=\"elementor-tab-content-1722\" aria-expanded=\"false\">\n\t\t\t\t\t\t\t\t\t\t\t\t\t<span class=\"elementor-accordion-icon elementor-accordion-icon-right\" aria-hidden=\"true\">\n\t\t\t\t\t\t\t\t\t\t\t\t\t\t\t<span class=\"elementor-accordion-icon-closed\"><i class=\"fas fa-plus\"><\/i><\/span>\n\t\t\t\t\t\t\t\t<span class=\"elementor-accordion-icon-opened\"><i class=\"fas fa-minus\"><\/i><\/span>\n\t\t\t\t\t\t\t\t\t\t\t\t\t\t<\/span>\n\t\t\t\t\t\t\t\t\t\t\t\t<a class=\"elementor-accordion-title\" tabindex=\"0\">DESPACHOS <\/a>\n\t\t\t\t\t<\/div>\n\t\t\t\t\t<div id=\"elementor-tab-content-1722\" class=\"elementor-tab-content elementor-clearfix\" data-tab=\"2\" role=\"region\" aria-labelledby=\"elementor-tab-title-1722\"><p style=\"text-align: JUSTIFY;\">Los despachos de los productos que hayan sido adquiridos por medio de este sitio web est\u00e1n sujetos a los respectivos carriers que cada proveedor tenga como convenio o primario dentro de su log\u00edstica de env\u00edo. El punto final de los env\u00edos y de la correcta informaci\u00f3n que suministre es de total responsabilidad del usuario. El despacho y la entrega de determinado producto ser\u00e1 confirmado su respectivo pago y se tendr\u00e1n en cuenta de 2 a 8 d\u00edas h\u00e1biles para su entrega esto dependiendo de la distancia entre el proveedor y el usuario. La entrega de un producto no est\u00e1 sujeta a el tiempo de entrega estipulado s\u00ed en el camino de entrega hay accidentes o desastres naturales que afecten la buena log\u00edstica de distribuci\u00f3n por parte del proveedor y del respectivo carrier. En el caso de que el usuario no se encuentre en el momento de la entrega del producto, los costos adicionales para la nueva entrega ser\u00e1n exclusivamente cargados al consumidor. El usuario que desee recoger el producto en la oficina principal de una determinada transportadora estar\u00e1 sujeto a condiciones que ellos tengan al tener en bodega un producto y qu\u00e9 puede ser devuelto de dos a cinco d\u00edas y que los gastos de un nuevo env\u00edo correr\u00e1n por parte del usuario. Una vez el producto sea entregado en el punto o direcci\u00f3n final acordado por el usuario y este sea recibido en alguna propiedad horizontal o se trate de alguien autorizado para recibirlo, este se declara aceptado y, por el contrario, no se admite ning\u00fan tipo de reclamo despu\u00e9s de entregado. Algunas transportadoras dependiendo del peso y del embalaje de un producto no se realizar\u00e1 el env\u00edo, es el usuario que debe recogerlo directamente con el proveedor de nuestro sitio web.<\/p><\/div>\n\t\t\t\t<\/div>\n\t\t\t\t\t\t\t<div class=\"elementor-accordion-item\">\n\t\t\t\t\t<div id=\"elementor-tab-title-1723\" class=\"elementor-tab-title\" data-tab=\"3\" role=\"button\" aria-controls=\"elementor-tab-content-1723\" aria-expanded=\"false\">\n\t\t\t\t\t\t\t\t\t\t\t\t\t<span class=\"elementor-accordion-icon elementor-accordion-icon-right\" aria-hidden=\"true\">\n\t\t\t\t\t\t\t\t\t\t\t\t\t\t\t<span class=\"elementor-accordion-icon-closed\"><i class=\"fas fa-plus\"><\/i><\/span>\n\t\t\t\t\t\t\t\t<span class=\"elementor-accordion-icon-opened\"><i class=\"fas fa-minus\"><\/i><\/span>\n\t\t\t\t\t\t\t\t\t\t\t\t\t\t<\/span>\n\t\t\t\t\t\t\t\t\t\t\t\t<a class=\"elementor-accordion-title\" tabindex=\"0\">POL\u00cdTICA DE DEVOLUCIONES<\/a>\n\t\t\t\t\t<\/div>\n\t\t\t\t\t<div id=\"elementor-tab-content-1723\" class=\"elementor-tab-content elementor-clearfix\" data-tab=\"3\" role=\"region\" aria-labelledby=\"elementor-tab-title-1723\"><p style=\"text-align: JUSTIFY;\">La pol\u00edtica de devoluciones de la p\u00e1gina web\u00a0<span style=\"color: #ffffff;\"><a style=\"color: #ffffff;\" href=\"http:\/\/www.smarttechnologyco.com\/\">www.smarttechnologyco.com<\/a><\/span>\u00a0est\u00e1 condicionada bajo los t\u00e9rminos y condiciones de los diferentes proveedores. Se tendr\u00e1n a disposici\u00f3n algunos par\u00e1metros que nos indicaran cuando se podr\u00e1 aceptar una respectiva devoluci\u00f3n; el o los equipos deben estar en \u00f3ptimas condiciones como tambi\u00e9n sus empaques y por ning\u00fan motivo pueden estar deteriorados o en mal funcionamiento. Debe tener sus correspondientes manuales, accesorios y componentes de instalaci\u00f3n que un determinado equipo contenga. Tampoco debe tener se\u00f1as o muestras de uso, desgaste, maltrato o que se encuentren sucios. Despu\u00e9s de que estos equipos sean revisados y aprobados por el departamento t\u00e9cnico en cuanto a su debido y buen funcionamiento ser\u00e1 aprobada dicho cambio y\/o devoluci\u00f3n. Para tener en cuenta que la devoluci\u00f3n de cualquier equipo est\u00e1 sujeta a tiempo y este debe estar entre 2 a 3 d\u00edas h\u00e1biles. Se debe tener muy claro que despu\u00e9s de este tiempo no se aceptan ning\u00fan tipo de reclamo. Adicionalmente el env\u00edo del producto que se tiene para cambio o devoluci\u00f3n debe hacerse bajo las condiciones de los respectivos proveedores, debido a, que estos ya tienen convenios con las diferentes transportadoras ya conocidas en el pa\u00eds. Si la devoluci\u00f3n es aceptada se realizar\u00e1 la correspondiente consignaci\u00f3n a la cuenta del respectivo usuario que realiz\u00f3 la compra o d\u00f3nde \u00e9l lo indique por medio de correo electr\u00f3nico con una debida autorizaci\u00f3n, la correspondiente certificaci\u00f3n bancaria y cedula del titular de la cuenta. Una devoluci\u00f3n tambi\u00e9n puede aplicar en el caso de que un producto sea err\u00f3neo o sea una referencia equivocada y despachada a la solicitada por el usuario, eso s\u00ed haciendo el mismo procedimiento de revisi\u00f3n de empaques y del funcionamiento del producto por parte del departamento t\u00e9cnico. La devoluci\u00f3n puede darse en un tiempo de 8 a 15 d\u00edas h\u00e1biles.<\/p><\/div>\n\t\t\t\t<\/div>\n\t\t\t\t\t\t\t\t<\/div>\n\t\t\t\t\t\t<\/div>\n\t\t\t\t<\/div>\n\t\t\t\t\t<\/div>\n\t\t<\/div>\n\t\t\t\t\t<\/div>\n\t\t<\/section>\n\t\t\t\t\t<\/div>\n\t\t<\/div>\n\t\t\t\t\t<\/div>\n\t\t<\/section>\n\t\t\t\t<\/div>\n\t\t","protected":false},"excerpt":{"rendered":"<p>T\u00c9RMINOS Y CONDICIONES Los t\u00e9rminos y condiciones es un documento que rige la relaci\u00f3n y los requisitos que puede haber<\/p>\n","protected":false},"author":123489,"featured_media":0,"parent":0,"menu_order":0,"comment_status":"closed","ping_status":"closed","template":"","meta":{"_joinchat":[],"footnotes":""},"class_list":["post-12395","page","type-page","status-publish","hentry"],"_links":{"self":[{"href":"https:\/\/smarttechnologyco.com\/index.php\/wp-json\/wp\/v2\/pages\/12395","targetHints":{"allow":["GET"]}}],"collection":[{"href":"https:\/\/smarttechnologyco.com\/index.php\/wp-json\/wp\/v2\/pages"}],"about":[{"href":"https:\/\/smarttechnologyco.com\/index.php\/wp-json\/wp\/v2\/types\/page"}],"author":[{"embeddable":true,"href":"https:\/\/smarttechnologyco.com\/index.php\/wp-json\/wp\/v2\/users\/123489"}],"replies":[{"embeddable":true,"href":"https:\/\/smarttechnologyco.com\/index.php\/wp-json\/wp\/v2\/comments?post=12395"}],"version-history":[{"count":0,"href":"https:\/\/smarttechnologyco.com\/index.php\/wp-json\/wp\/v2\/pages\/12395\/revisions"}],"wp:attachment":[{"href":"https:\/\/smarttechnologyco.com\/index.php\/wp-json\/wp\/v2\/media?parent=12395"}],"curies":[{"name":"wp","href":"https:\/\/api.w.org\/{rel}","templated":true}]}}