{"id":12432,"date":"2022-06-11T14:50:58","date_gmt":"2022-06-11T14:50:58","guid":{"rendered":"https:\/\/smarttechnologyco.com\/?page_id=12432"},"modified":"2022-06-11T14:54:00","modified_gmt":"2022-06-11T14:54:00","slug":"politica-de-privacidad","status":"publish","type":"page","link":"https:\/\/smarttechnologyco.com\/index.php\/politica-de-privacidad\/","title":{"rendered":"POLITICA DE PRIVACIDAD"},"content":{"rendered":"\t\t<div data-elementor-type=\"wp-page\" data-elementor-id=\"12432\" class=\"elementor elementor-12432\" data-elementor-post-type=\"page\">\n\t\t\t\t\t\t<section class=\"wd-negative-gap elementor-section elementor-top-section elementor-element elementor-element-234d9bab elementor-section-full_width elementor-section-stretched elementor-section-height-default elementor-section-height-default\" data-id=\"234d9bab\" data-element_type=\"section\" data-settings=\"{&quot;background_background&quot;:&quot;classic&quot;,&quot;stretch_section&quot;:&quot;section-stretched&quot;}\">\n\t\t\t\t\t\t\t<div class=\"elementor-background-overlay\"><\/div>\n\t\t\t\t\t\t\t<div class=\"elementor-container elementor-column-gap-default\">\n\t\t\t\t\t<div class=\"elementor-column elementor-col-100 elementor-top-column elementor-element elementor-element-35a47fbe\" data-id=\"35a47fbe\" data-element_type=\"column\">\n\t\t\t<div class=\"elementor-widget-wrap elementor-element-populated\">\n\t\t\t\t\t\t<section class=\"wd-negative-gap elementor-section elementor-inner-section elementor-element elementor-element-65697ad4 elementor-section-boxed elementor-section-height-default elementor-section-height-default\" data-id=\"65697ad4\" data-element_type=\"section\">\n\t\t\t\t\t\t<div class=\"elementor-container elementor-column-gap-default\">\n\t\t\t\t\t<div class=\"elementor-column elementor-col-50 elementor-inner-column elementor-element elementor-element-2b881105\" data-id=\"2b881105\" data-element_type=\"column\">\n\t\t\t<div class=\"elementor-widget-wrap elementor-element-populated\">\n\t\t\t\t\t\t<div class=\"elementor-element elementor-element-2826862c elementor-invisible elementor-widget elementor-widget-heading\" data-id=\"2826862c\" data-element_type=\"widget\" data-settings=\"{&quot;_animation&quot;:&quot;fadeInUp&quot;}\" data-widget_type=\"heading.default\">\n\t\t\t\t<div class=\"elementor-widget-container\">\n\t\t\t\t\t<h2 class=\"elementor-heading-title elementor-size-default\">POLITICA DE PRIVACIDAD<\/h2>\t\t\t\t<\/div>\n\t\t\t\t<\/div>\n\t\t\t\t\t<\/div>\n\t\t<\/div>\n\t\t\t\t<div class=\"elementor-column elementor-col-50 elementor-inner-column elementor-element elementor-element-f226d3c\" data-id=\"f226d3c\" data-element_type=\"column\">\n\t\t\t<div class=\"elementor-widget-wrap\">\n\t\t\t\t\t\t\t<\/div>\n\t\t<\/div>\n\t\t\t\t\t<\/div>\n\t\t<\/section>\n\t\t\t\t<div class=\"elementor-element elementor-element-2367542b elementor-widget-divider--view-line elementor-invisible elementor-widget elementor-widget-divider\" data-id=\"2367542b\" data-element_type=\"widget\" data-settings=\"{&quot;_animation&quot;:&quot;fadeIn&quot;,&quot;_animation_delay&quot;:200}\" data-widget_type=\"divider.default\">\n\t\t\t\t<div class=\"elementor-widget-container\">\n\t\t\t\t\t\t\t<div class=\"elementor-divider\">\n\t\t\t<span class=\"elementor-divider-separator\">\n\t\t\t\t\t\t<\/span>\n\t\t<\/div>\n\t\t\t\t\t\t<\/div>\n\t\t\t\t<\/div>\n\t\t\t\t<section class=\"wd-negative-gap elementor-section elementor-inner-section elementor-element elementor-element-434320f0 elementor-section-boxed elementor-section-height-default elementor-section-height-default\" data-id=\"434320f0\" data-element_type=\"section\">\n\t\t\t\t\t\t<div class=\"elementor-container elementor-column-gap-default\">\n\t\t\t\t\t<div class=\"elementor-column elementor-col-33 elementor-inner-column elementor-element elementor-element-c66c520 elementor-invisible\" data-id=\"c66c520\" data-element_type=\"column\" data-settings=\"{&quot;animation&quot;:&quot;fadeInUp&quot;}\">\n\t\t\t<div class=\"elementor-widget-wrap\">\n\t\t\t\t\t\t\t<\/div>\n\t\t<\/div>\n\t\t\t\t<div class=\"elementor-column elementor-col-33 elementor-inner-column elementor-element elementor-element-0e4af26 elementor-invisible\" data-id=\"0e4af26\" data-element_type=\"column\" data-settings=\"{&quot;animation&quot;:&quot;fadeInUp&quot;}\">\n\t\t\t<div class=\"elementor-widget-wrap elementor-element-populated\">\n\t\t\t\t\t\t<div class=\"elementor-element elementor-element-4949a50 color-scheme-inherit text-left elementor-widget elementor-widget-text-editor\" data-id=\"4949a50\" data-element_type=\"widget\" data-widget_type=\"text-editor.default\">\n\t\t\t\t<div class=\"elementor-widget-container\">\n\t\t\t\t\t\t\t\t\t<p style=\"text-align: justify;\">De acuerdo con la constituci\u00f3n pol\u00edtica de la Republica de Colombia la protecci\u00f3n de datos personales como un derecho a que toda persona pueda conocer, modificar, actualizar o remover toda informaci\u00f3n que de ella hayan recolectado en cualquier base de datos sea p\u00fablica o privada. Esto mediante la ley 1581 del 17 de octubre de 2012 donde qued\u00f3 establecido las disposiciones generales del Tratamiento de Datos Personales en Colombia. Esta aplicaci\u00f3n es de car\u00e1cter obligatorio para personas naturales y jur\u00eddicas que hagan uso del tratamiento de datos personales con el fin de facilitar los par\u00e1metros y lineamientos de car\u00e1cter obligatorio a la protecci\u00f3n de datos personales.<\/p>\n<p style=\"text-align: justify;\">Para SMART TECHNOLOGY CO y su portal web <span style=\"color: #ffffff;\"><a style=\"color: #ffffff;\" href=\"http:\/\/www.smarttechnologyco.com\">www.smarttechnologyco.com<\/a>,<\/span> legalmente constituida con domicilio en Manizales Caldas cuya direcci\u00f3n es calle 69 N 9\u00aa 85, con NIT 750879254, se hace responsable por la recolecci\u00f3n de informaci\u00f3n y de datos personales de los que los usuarios son titulares, de acuerdo con esto el presente aviso de privacidad tiene como finalidad dar a conocer c\u00f3mo ser\u00e1n tratados los datos y la informaci\u00f3n obtenida. Se tendr\u00e1n en cuenta los siguientes referentes para el uso de estos como son sus nombre y apellidos, documento de identidad, direcci\u00f3n, correo electr\u00f3nico, tel\u00e9fonos. De acuerdo con esto y acordes con la normatividad vigente Smart Technology Co se hace responsable y garantiza de manera correcta el manejo y uso a la informaci\u00f3n suministrada. Igualmente, a que esta informaci\u00f3n no ser\u00e1 utilizada de manera ilegal o comercializada a terceros sin previa autorizaci\u00f3n de sus titulares.<\/p>\n\t\t\t\t\t\t\t\t<\/div>\n\t\t\t\t<\/div>\n\t\t\t\t\t<\/div>\n\t\t<\/div>\n\t\t\t\t<div class=\"elementor-column elementor-col-33 elementor-inner-column elementor-element elementor-element-5645b541 elementor-invisible\" data-id=\"5645b541\" data-element_type=\"column\" data-settings=\"{&quot;animation&quot;:&quot;fadeInUp&quot;,&quot;animation_delay&quot;:100}\">\n\t\t\t<div class=\"elementor-widget-wrap\">\n\t\t\t\t\t\t\t<\/div>\n\t\t<\/div>\n\t\t\t\t\t<\/div>\n\t\t<\/section>\n\t\t\t\t\t<\/div>\n\t\t<\/div>\n\t\t\t\t\t<\/div>\n\t\t<\/section>\n\t\t\t\t<\/div>\n\t\t","protected":false},"excerpt":{"rendered":"<p>POLITICA DE PRIVACIDAD De acuerdo con la constituci\u00f3n pol\u00edtica de la Republica de Colombia la protecci\u00f3n de datos personales como<\/p>\n","protected":false},"author":123489,"featured_media":0,"parent":0,"menu_order":0,"comment_status":"closed","ping_status":"closed","template":"","meta":{"_joinchat":[],"footnotes":""},"class_list":["post-12432","page","type-page","status-publish","hentry"],"_links":{"self":[{"href":"https:\/\/smarttechnologyco.com\/index.php\/wp-json\/wp\/v2\/pages\/12432","targetHints":{"allow":["GET"]}}],"collection":[{"href":"https:\/\/smarttechnologyco.com\/index.php\/wp-json\/wp\/v2\/pages"}],"about":[{"href":"https:\/\/smarttechnologyco.com\/index.php\/wp-json\/wp\/v2\/types\/page"}],"author":[{"embeddable":true,"href":"https:\/\/smarttechnologyco.com\/index.php\/wp-json\/wp\/v2\/users\/123489"}],"replies":[{"embeddable":true,"href":"https:\/\/smarttechnologyco.com\/index.php\/wp-json\/wp\/v2\/comments?post=12432"}],"version-history":[{"count":0,"href":"https:\/\/smarttechnologyco.com\/index.php\/wp-json\/wp\/v2\/pages\/12432\/revisions"}],"wp:attachment":[{"href":"https:\/\/smarttechnologyco.com\/index.php\/wp-json\/wp\/v2\/media?parent=12432"}],"curies":[{"name":"wp","href":"https:\/\/api.w.org\/{rel}","templated":true}]}}