{"id":9814,"date":"2021-03-17T12:10:18","date_gmt":"2021-03-17T12:10:18","guid":{"rendered":"http:\/\/dummy.xtemos.com\/woodmart-elementor\/demos\/?page_id=9814"},"modified":"2024-03-22T20:40:50","modified_gmt":"2024-03-23T01:40:50","slug":"about-me-2","status":"publish","type":"page","link":"https:\/\/smarttechnologyco.com\/index.php\/about-me-2\/","title":{"rendered":"About me"},"content":{"rendered":"\t\t<div data-elementor-type=\"wp-page\" data-elementor-id=\"9814\" class=\"elementor elementor-9814\" data-elementor-post-type=\"page\">\n\t\t\t\t\t\t<section class=\"wd-negative-gap elementor-section elementor-top-section elementor-element elementor-element-17b4add elementor-section-height-min-height wd-section-stretch elementor-section-content-middle elementor-section-boxed elementor-section-height-default elementor-section-items-middle elementor-invisible\" data-id=\"17b4add\" data-element_type=\"section\" data-settings=\"{&quot;background_background&quot;:&quot;classic&quot;,&quot;animation&quot;:&quot;fadeInRight&quot;}\">\n\t\t\t\t\t\t\t<div class=\"elementor-background-overlay\"><\/div>\n\t\t\t\t\t\t\t<div class=\"elementor-container elementor-column-gap-default\">\n\t\t\t\t\t<div class=\"elementor-column elementor-col-50 elementor-top-column elementor-element elementor-element-310558d\" data-id=\"310558d\" data-element_type=\"column\">\n\t\t\t<div class=\"elementor-widget-wrap elementor-element-populated\">\n\t\t\t\t\t\t<div class=\"elementor-element elementor-element-ed28d78 elementor-widget elementor-widget-image\" data-id=\"ed28d78\" data-element_type=\"widget\" data-widget_type=\"image.default\">\n\t\t\t\t<div class=\"elementor-widget-container\">\n\t\t\t\t\t\t\t\t\t\t\t\t\t\t\t<img fetchpriority=\"high\" decoding=\"async\" width=\"982\" height=\"924\" src=\"https:\/\/smarttechnologyco.com\/wp-content\/uploads\/2018\/08\/tarjeta1-copia.jpg\" class=\"attachment-large size-large wp-image-12570\" alt=\"\" srcset=\"https:\/\/smarttechnologyco.com\/wp-content\/uploads\/2018\/08\/tarjeta1-copia.jpg 982w, https:\/\/smarttechnologyco.com\/wp-content\/uploads\/2018\/08\/tarjeta1-copia-150x141.jpg 150w, https:\/\/smarttechnologyco.com\/wp-content\/uploads\/2018\/08\/tarjeta1-copia-600x565.jpg 600w, https:\/\/smarttechnologyco.com\/wp-content\/uploads\/2018\/08\/tarjeta1-copia-300x282.jpg 300w, https:\/\/smarttechnologyco.com\/wp-content\/uploads\/2018\/08\/tarjeta1-copia-768x723.jpg 768w\" sizes=\"(max-width: 982px) 100vw, 982px\" \/>\t\t\t\t\t\t\t\t\t\t\t\t\t\t\t<\/div>\n\t\t\t\t<\/div>\n\t\t\t\t\t<\/div>\n\t\t<\/div>\n\t\t\t\t<div class=\"elementor-column elementor-col-50 elementor-top-column elementor-element elementor-element-aa682f5\" data-id=\"aa682f5\" data-element_type=\"column\">\n\t\t\t<div class=\"elementor-widget-wrap elementor-element-populated\">\n\t\t\t\t\t\t<div class=\"elementor-element elementor-element-f8b8dca color-scheme-inherit text-left elementor-widget elementor-widget-text-editor\" data-id=\"f8b8dca\" data-element_type=\"widget\" data-widget_type=\"text-editor.default\">\n\t\t\t\t<div class=\"elementor-widget-container\">\n\t\t\t\t\t\t\t\t\t<h1><span style=\"color: #ffffff;\">Qui\u00e9nes Somos<\/span><\/h1><p><span style=\"color: #ffffff;\">SMART TECHNOLOGY CO, se origina con el prop\u00f3sito de estimular el desarrollo econ\u00f3mico de la regi\u00f3n y el pa\u00eds, dedicada a la distribuci\u00f3n, comercializaci\u00f3n e instalaci\u00f3n de equipos de la m\u00e1s alta tecnolog\u00eda y soluciones de avanzada en diferentes tipos de aplicaciones como comercial, industrial y\/o residencial. Adicional, tambi\u00e9n se ofrecen asesor\u00edas y preparaci\u00f3n t\u00e9cnica para los clientes o socios en donde permanezcan actualizados y puedan atender sus necesidades que presenta la tecnolog\u00eda con todos sus retos y cambios.<\/span><\/p><p><br \/><span style=\"color: #ffffff;\">Las relaciones que se tienen son de colaboraci\u00f3n, experiencia y en donde tambi\u00e9n se consideran a nuestros usuarios y proveedores como nuestra raz\u00f3n de ser. Se cuenta con el respaldo t\u00e9cnico y humano de los mejores proveedores de productos tecnol\u00f3gicos, el cual cuentan con el respaldo de grandes compa\u00f1\u00edas mundiales l\u00edderes en este mercado. Se trabaja con criterios de seriedad, calidad y garant\u00eda que respalden las exigencias de los clientes. Se tiene un ambiente de trabajo que promueva la pr\u00e1ctica de valores morales y \u00e9ticos.<\/span><\/p>\t\t\t\t\t\t\t\t<\/div>\n\t\t\t\t<\/div>\n\t\t\t\t<div class=\"elementor-element elementor-element-63a8983 elementor-widget__width-auto elementor-hidden-tablet elementor-hidden-phone elementor-widget elementor-widget-wd_social_buttons\" data-id=\"63a8983\" data-element_type=\"widget\" data-widget_type=\"wd_social_buttons.default\">\n\t\t\t\t<div class=\"elementor-widget-container\">\n\t\t\t\t\t\t\t\t<div id=\"\" class=\" wd-social-icons wd-style-colored wd-size-default social-follow wd-shape-circle color-scheme-dark text-left\">\n\t\t\t\t\n\t\t\t\t\n\t\t\t\t\t\t\t\t\t<a rel=\"noopener noreferrer nofollow\" href=\"https:\/\/www.facebook.com\/smarttechnologymzls\" target=\"_blank\" class=\" wd-social-icon social-facebook\" aria-label=\"Facebook social link\">\n\t\t\t\t\t\t<span class=\"wd-icon\"><\/span>\n\t\t\t\t\t\t\t\t\t\t\t<\/a>\n\t\t\t\t\n\t\t\t\t\n\t\t\t\t\n\t\t\t\t\n\t\t\t\t\t\t\t\t\t<a rel=\"noopener noreferrer nofollow\" href=\"https:\/\/www.instagram.com\/smart_technology_co\/\" target=\"_blank\" class=\" wd-social-icon social-instagram\" aria-label=\"Instagram social link\">\n\t\t\t\t\t\t<span class=\"wd-icon\"><\/span>\n\t\t\t\t\t\t\t\t\t\t\t<\/a>\n\t\t\t\t\n\t\t\t\t\n\t\t\t\t\n\t\t\t\t\n\t\t\t\t\n\t\t\t\t\n\t\t\t\t\n\t\t\t\t\n\t\t\t\t\n\t\t\t\t\n\t\t\t\t\n\t\t\t\t\n\t\t\t\t\n\t\t\t\t\n\t\t\t\t\n\t\t\t\t\t\t\t\t\t<a rel=\"noopener noreferrer nofollow\" href=\"http:\/\/wa.link\/smarttechnologyco\" target=\"_blank\" class=\"wd-hide-md  wd-social-icon social-whatsapp\" aria-label=\"WhatsApp social link\">\n\t\t\t\t\t\t<span class=\"wd-icon\"><\/span>\n\t\t\t\t\t\t\t\t\t\t\t<\/a>\n\n\t\t\t\t\t<a rel=\"noopener noreferrer nofollow\" href=\"http:\/\/wa.link\/smarttechnologyco\" target=\"_blank\" class=\"wd-hide-lg  wd-social-icon social-whatsapp\" aria-label=\"WhatsApp social link\">\n\t\t\t\t\t\t<span class=\"wd-icon\"><\/span>\n\t\t\t\t\t\t\t\t\t\t\t<\/a>\n\t\t\t\t\n\t\t\t\t\n\t\t\t\t\n\t\t\t\t\n\t\t\t\t\n\t\t\t\t\n\t\t\t\t\n\t\t\t\t\n\t\t\t<\/div>\n\n\t\t\t\t\t\t<\/div>\n\t\t\t\t<\/div>\n\t\t\t\t\t<\/div>\n\t\t<\/div>\n\t\t\t\t\t<\/div>\n\t\t<\/section>\n\t\t\t\t<section class=\"wd-negative-gap elementor-section elementor-top-section elementor-element elementor-element-126fe0d8 elementor-section-height-min-height elementor-section-boxed elementor-section-height-default elementor-section-items-middle elementor-invisible\" data-id=\"126fe0d8\" data-element_type=\"section\" data-settings=\"{&quot;background_background&quot;:&quot;classic&quot;,&quot;animation&quot;:&quot;fadeInLeft&quot;}\">\n\t\t\t\t\t\t\t<div class=\"elementor-background-overlay\"><\/div>\n\t\t\t\t\t\t\t<div class=\"elementor-container elementor-column-gap-default\">\n\t\t\t\t\t<div class=\"elementor-column elementor-col-100 elementor-top-column elementor-element elementor-element-154591ba\" data-id=\"154591ba\" data-element_type=\"column\">\n\t\t\t<div class=\"elementor-widget-wrap elementor-element-populated\">\n\t\t\t\t\t\t<div class=\"elementor-element elementor-element-14cf3adf animated-slow elementor-invisible elementor-widget elementor-widget-heading\" data-id=\"14cf3adf\" data-element_type=\"widget\" data-settings=\"{&quot;_animation&quot;:&quot;fadeIn&quot;}\" data-widget_type=\"heading.default\">\n\t\t\t\t<div class=\"elementor-widget-container\">\n\t\t\t\t\t<h1 class=\"elementor-heading-title elementor-size-default\">MISI\u00d3N<\/h1>\t\t\t\t<\/div>\n\t\t\t\t<\/div>\n\t\t\t\t<div class=\"elementor-element elementor-element-575cb7f5 elementor-widget elementor-widget-spacer\" data-id=\"575cb7f5\" data-element_type=\"widget\" data-widget_type=\"spacer.default\">\n\t\t\t\t<div class=\"elementor-widget-container\">\n\t\t\t\t\t\t\t<div class=\"elementor-spacer\">\n\t\t\t<div class=\"elementor-spacer-inner\"><\/div>\n\t\t<\/div>\n\t\t\t\t\t\t<\/div>\n\t\t\t\t<\/div>\n\t\t\t\t<section class=\"wd-negative-gap elementor-section elementor-inner-section elementor-element elementor-element-42391a9f elementor-section-boxed elementor-section-height-default elementor-section-height-default\" data-id=\"42391a9f\" data-element_type=\"section\">\n\t\t\t\t\t\t<div class=\"elementor-container elementor-column-gap-default\">\n\t\t\t\t\t<div class=\"elementor-column elementor-col-50 elementor-inner-column elementor-element elementor-element-319de8af\" data-id=\"319de8af\" data-element_type=\"column\">\n\t\t\t<div class=\"elementor-widget-wrap elementor-element-populated\">\n\t\t\t\t\t\t<div class=\"elementor-element elementor-element-627e44ac color-scheme-inherit text-left elementor-invisible elementor-widget elementor-widget-text-editor\" data-id=\"627e44ac\" data-element_type=\"widget\" data-settings=\"{&quot;_animation&quot;:&quot;fadeIn&quot;}\" data-widget_type=\"text-editor.default\">\n\t\t\t\t<div class=\"elementor-widget-container\">\n\t\t\t\t\t\t\t\t\t<p style=\"text-align: justify;\">Somos una organizaci\u00f3n dedicada a proveer productos tecnol\u00f3gicos de \u00faltima generaci\u00f3n, brindamos soluciones integrales en seguridad electr\u00f3nica, conectividad, dom\u00f3tica, energ\u00eda solar, video entre otros, a clientes que pertenecen tanto al sector comercial como industrial, el cual son de la mejor calidad con el fin de satisfacer sus necesidades y expectativas. Contamos con el mejor talento humano que aportan la generaci\u00f3n de valor a nuestros socios, clientes y proveedores en beneficio de la sociedad y el medio ambiente.<\/p>\t\t\t\t\t\t\t\t<\/div>\n\t\t\t\t<\/div>\n\t\t\t\t\t<\/div>\n\t\t<\/div>\n\t\t\t\t<div class=\"elementor-column elementor-col-50 elementor-inner-column elementor-element elementor-element-4f924e22\" data-id=\"4f924e22\" data-element_type=\"column\">\n\t\t\t<div class=\"elementor-widget-wrap elementor-element-populated\">\n\t\t\t\t\t\t<div class=\"elementor-element elementor-element-77325092 elementor-invisible elementor-widget elementor-widget-image\" data-id=\"77325092\" data-element_type=\"widget\" data-settings=\"{&quot;_animation&quot;:&quot;fadeInUp&quot;}\" data-widget_type=\"image.default\">\n\t\t\t\t<div class=\"elementor-widget-container\">\n\t\t\t\t\t\t\t\t\t\t\t\t\t\t\t<img decoding=\"async\" width=\"512\" height=\"512\" src=\"https:\/\/smarttechnologyco.com\/wp-content\/uploads\/2022\/05\/brand_identity-01.png\" class=\"attachment-large size-large wp-image-12223\" alt=\"\" srcset=\"https:\/\/smarttechnologyco.com\/wp-content\/uploads\/2022\/05\/brand_identity-01.png 512w, https:\/\/smarttechnologyco.com\/wp-content\/uploads\/2022\/05\/brand_identity-01-150x150.png 150w, https:\/\/smarttechnologyco.com\/wp-content\/uploads\/2022\/05\/brand_identity-01-450x450.png 450w, https:\/\/smarttechnologyco.com\/wp-content\/uploads\/2022\/05\/brand_identity-01-300x300.png 300w\" sizes=\"(max-width: 512px) 100vw, 512px\" \/>\t\t\t\t\t\t\t\t\t\t\t\t\t\t\t<\/div>\n\t\t\t\t<\/div>\n\t\t\t\t\t<\/div>\n\t\t<\/div>\n\t\t\t\t\t<\/div>\n\t\t<\/section>\n\t\t\t\t\t<\/div>\n\t\t<\/div>\n\t\t\t\t\t<\/div>\n\t\t<\/section>\n\t\t\t\t<section class=\"wd-negative-gap elementor-section elementor-top-section elementor-element elementor-element-a879616 elementor-section-height-min-height elementor-section-boxed elementor-section-height-default elementor-section-items-middle elementor-invisible\" data-id=\"a879616\" data-element_type=\"section\" data-settings=\"{&quot;background_background&quot;:&quot;classic&quot;,&quot;animation&quot;:&quot;fadeInUp&quot;}\">\n\t\t\t\t\t\t\t<div class=\"elementor-background-overlay\"><\/div>\n\t\t\t\t\t\t\t<div class=\"elementor-container elementor-column-gap-default\">\n\t\t\t\t\t<div class=\"elementor-column elementor-col-100 elementor-top-column elementor-element elementor-element-d5727ba\" data-id=\"d5727ba\" data-element_type=\"column\">\n\t\t\t<div class=\"elementor-widget-wrap elementor-element-populated\">\n\t\t\t\t\t\t<div class=\"elementor-element elementor-element-d91e314 animated-slow elementor-invisible elementor-widget elementor-widget-heading\" data-id=\"d91e314\" data-element_type=\"widget\" data-settings=\"{&quot;_animation&quot;:&quot;fadeIn&quot;}\" data-widget_type=\"heading.default\">\n\t\t\t\t<div class=\"elementor-widget-container\">\n\t\t\t\t\t<h1 class=\"elementor-heading-title elementor-size-default\">VISI\u00d3N<\/h1>\t\t\t\t<\/div>\n\t\t\t\t<\/div>\n\t\t\t\t<div class=\"elementor-element elementor-element-516784b elementor-widget elementor-widget-spacer\" data-id=\"516784b\" data-element_type=\"widget\" data-widget_type=\"spacer.default\">\n\t\t\t\t<div class=\"elementor-widget-container\">\n\t\t\t\t\t\t\t<div class=\"elementor-spacer\">\n\t\t\t<div class=\"elementor-spacer-inner\"><\/div>\n\t\t<\/div>\n\t\t\t\t\t\t<\/div>\n\t\t\t\t<\/div>\n\t\t\t\t<section class=\"wd-negative-gap elementor-section elementor-inner-section elementor-element elementor-element-ceb46a8 elementor-section-boxed elementor-section-height-default elementor-section-height-default\" data-id=\"ceb46a8\" data-element_type=\"section\">\n\t\t\t\t\t\t<div class=\"elementor-container elementor-column-gap-default\">\n\t\t\t\t\t<div class=\"elementor-column elementor-col-50 elementor-inner-column elementor-element elementor-element-f8be04c\" data-id=\"f8be04c\" data-element_type=\"column\">\n\t\t\t<div class=\"elementor-widget-wrap elementor-element-populated\">\n\t\t\t\t\t\t<div class=\"elementor-element elementor-element-dd230dd elementor-invisible elementor-widget elementor-widget-image\" data-id=\"dd230dd\" data-element_type=\"widget\" data-settings=\"{&quot;_animation&quot;:&quot;fadeInUp&quot;}\" data-widget_type=\"image.default\">\n\t\t\t\t<div class=\"elementor-widget-container\">\n\t\t\t\t\t\t\t\t\t\t\t\t\t\t\t<img decoding=\"async\" width=\"1024\" height=\"924\" src=\"https:\/\/smarttechnologyco.com\/wp-content\/uploads\/2022\/05\/ICO-Vision-1024x924-1.webp\" class=\"attachment-large size-large wp-image-12249\" alt=\"\" srcset=\"https:\/\/smarttechnologyco.com\/wp-content\/uploads\/2022\/05\/ICO-Vision-1024x924-1.webp 1024w, https:\/\/smarttechnologyco.com\/wp-content\/uploads\/2022\/05\/ICO-Vision-1024x924-1-150x135.webp 150w, https:\/\/smarttechnologyco.com\/wp-content\/uploads\/2022\/05\/ICO-Vision-1024x924-1-600x541.webp 600w, https:\/\/smarttechnologyco.com\/wp-content\/uploads\/2022\/05\/ICO-Vision-1024x924-1-300x271.webp 300w, https:\/\/smarttechnologyco.com\/wp-content\/uploads\/2022\/05\/ICO-Vision-1024x924-1-768x693.webp 768w\" sizes=\"(max-width: 1024px) 100vw, 1024px\" \/>\t\t\t\t\t\t\t\t\t\t\t\t\t\t\t<\/div>\n\t\t\t\t<\/div>\n\t\t\t\t\t<\/div>\n\t\t<\/div>\n\t\t\t\t<div class=\"elementor-column elementor-col-50 elementor-inner-column elementor-element elementor-element-1e57e42\" data-id=\"1e57e42\" data-element_type=\"column\">\n\t\t\t<div class=\"elementor-widget-wrap elementor-element-populated\">\n\t\t\t\t\t\t<div class=\"elementor-element elementor-element-f673958 color-scheme-inherit text-left elementor-invisible elementor-widget elementor-widget-text-editor\" data-id=\"f673958\" data-element_type=\"widget\" data-settings=\"{&quot;_animation&quot;:&quot;fadeIn&quot;}\" data-widget_type=\"text-editor.default\">\n\t\t\t\t<div class=\"elementor-widget-container\">\n\t\t\t\t\t\t\t\t\t<p style=\"text-align: justify;\">Nos vemos como una empresa l\u00edder en tecnolog\u00eda de la regi\u00f3n y del pa\u00eds, con infraestructura propia y un excelente servicio. Nos proyectamos con productos y servicios desplegados acordes con las exigencias de nuestros clientes, siendo una importante opci\u00f3n en el mercado por la calidad, innovaci\u00f3n, experiencia y por la flexibilidad del sistema. Seremos una compa\u00f1\u00eda que vela por el cumplimiento de sus responsabilidades sociales de preservaci\u00f3n del medio ambiente para una adecuada convivencia. Contamos con nuestro talento humano, el cual ser\u00e1 brillante por calidad, atenci\u00f3n, habilidad y compromiso con la organizaci\u00f3n, sus clientes y proveedores. Todo bajo el soporte del mejoramiento continuo de nuestros procesos.<\/p>\t\t\t\t\t\t\t\t<\/div>\n\t\t\t\t<\/div>\n\t\t\t\t\t<\/div>\n\t\t<\/div>\n\t\t\t\t\t<\/div>\n\t\t<\/section>\n\t\t\t\t\t<\/div>\n\t\t<\/div>\n\t\t\t\t\t<\/div>\n\t\t<\/section>\n\t\t\t\t<\/div>\n\t\t","protected":false},"excerpt":{"rendered":"<p>Qui\u00e9nes Somos SMART TECHNOLOGY CO, se origina con el prop\u00f3sito de estimular el desarrollo econ\u00f3mico de la regi\u00f3n y el<\/p>\n","protected":false},"author":123489,"featured_media":0,"parent":0,"menu_order":0,"comment_status":"closed","ping_status":"closed","template":"","meta":{"_joinchat":[],"footnotes":""},"class_list":["post-9814","page","type-page","status-publish","hentry"],"_links":{"self":[{"href":"https:\/\/smarttechnologyco.com\/index.php\/wp-json\/wp\/v2\/pages\/9814","targetHints":{"allow":["GET"]}}],"collection":[{"href":"https:\/\/smarttechnologyco.com\/index.php\/wp-json\/wp\/v2\/pages"}],"about":[{"href":"https:\/\/smarttechnologyco.com\/index.php\/wp-json\/wp\/v2\/types\/page"}],"author":[{"embeddable":true,"href":"https:\/\/smarttechnologyco.com\/index.php\/wp-json\/wp\/v2\/users\/123489"}],"replies":[{"embeddable":true,"href":"https:\/\/smarttechnologyco.com\/index.php\/wp-json\/wp\/v2\/comments?post=9814"}],"version-history":[{"count":0,"href":"https:\/\/smarttechnologyco.com\/index.php\/wp-json\/wp\/v2\/pages\/9814\/revisions"}],"wp:attachment":[{"href":"https:\/\/smarttechnologyco.com\/index.php\/wp-json\/wp\/v2\/media?parent=9814"}],"curies":[{"name":"wp","href":"https:\/\/api.w.org\/{rel}","templated":true}]}}