{"id":12031,"date":"2022-05-20T18:30:58","date_gmt":"2022-05-20T18:30:58","guid":{"rendered":"https:\/\/smarttechnologyco.com\/?post_type=product&#038;p=12031"},"modified":"2025-09-15T07:11:34","modified_gmt":"2025-09-15T12:11:34","slug":"dh-xvr1a04","status":"publish","type":"product","link":"https:\/\/smarttechnologyco.com\/index.php\/producto\/dh-xvr1a04\/","title":{"rendered":"DH-XVR1A04"},"content":{"rendered":"<p>DH-XVR1A04<\/p>\n<p><b>Descripci\u00f3n:<\/b>\u00a0XVR 4CH + 1CH IP GRABACI\u00d3N HASTA 1080N 1 HDMI 1 E\/S RCA 1 SATA H264<\/p>\n","protected":false},"excerpt":{"rendered":"<p><b>Especificaciones<\/b><\/p>\n<ul>\n<li>Tipo: XVR Hibrido (5 tecnolog\u00edas)<\/li>\n<li>Serie: Cooper<\/li>\n<li>Entrada Anal\u00f3gica: 4CH<\/li>\n<li>Entrada IP: M\u00e1s 1CH IP<\/li>\n<li>Resoluci\u00f3n m\u00e1xima IP: MAX IP 2MP<\/li>\n<li>Compresi\u00f3n: H.264,<\/li>\n<li>Resoluci\u00f3n Grabaci\u00f3n M\u00e1xima: Grabaci\u00f3n hasta 1080N@30FPS<\/li>\n<li>Interfaz de red: RJ45 10\/100 Mbps<\/li>\n<li>SATA: 1 SATA<\/li>\n<li>HDD: HASTA 6TB<\/li>\n<li>Salidas HDMI y VGA: 1P HDM1, 1P VGA,<\/li>\n<li>Resoluci\u00f3n m\u00e1xima salida HDMI 1: HDMI1 1920 \u00d7 1080\/60Hz<\/li>\n<li>Reproducci\u00f3n simult\u00e1nea: Reproducci\u00f3n simult\u00e1nea 4-ch<\/li>\n<li>Anal\u00edticas: Detecci\u00f3n de movimiento,<\/li>\n<li>Audio bidireccional: RCA Audio Bidireccional<\/li>\n<\/ul>\n","protected":false},"featured_media":12032,"comment_status":"open","ping_status":"closed","template":"","meta":{"_joinchat":[]},"product_brand":[],"product_cat":[67],"product_tag":[],"class_list":{"0":"post-12031","1":"product","2":"type-product","3":"status-publish","4":"has-post-thumbnail","6":"product_cat-cctv-analogo","8":"first","9":"instock","10":"shipping-taxable","11":"purchasable","12":"product-type-simple"},"_links":{"self":[{"href":"https:\/\/smarttechnologyco.com\/index.php\/wp-json\/wp\/v2\/product\/12031","targetHints":{"allow":["GET"]}}],"collection":[{"href":"https:\/\/smarttechnologyco.com\/index.php\/wp-json\/wp\/v2\/product"}],"about":[{"href":"https:\/\/smarttechnologyco.com\/index.php\/wp-json\/wp\/v2\/types\/product"}],"replies":[{"embeddable":true,"href":"https:\/\/smarttechnologyco.com\/index.php\/wp-json\/wp\/v2\/comments?post=12031"}],"version-history":[{"count":0,"href":"https:\/\/smarttechnologyco.com\/index.php\/wp-json\/wp\/v2\/product\/12031\/revisions"}],"wp:featuredmedia":[{"embeddable":true,"href":"https:\/\/smarttechnologyco.com\/index.php\/wp-json\/wp\/v2\/media\/12032"}],"wp:attachment":[{"href":"https:\/\/smarttechnologyco.com\/index.php\/wp-json\/wp\/v2\/media?parent=12031"}],"wp:term":[{"taxonomy":"product_brand","embeddable":true,"href":"https:\/\/smarttechnologyco.com\/index.php\/wp-json\/wp\/v2\/product_brand?post=12031"},{"taxonomy":"product_cat","embeddable":true,"href":"https:\/\/smarttechnologyco.com\/index.php\/wp-json\/wp\/v2\/product_cat?post=12031"},{"taxonomy":"product_tag","embeddable":true,"href":"https:\/\/smarttechnologyco.com\/index.php\/wp-json\/wp\/v2\/product_tag?post=12031"}],"curies":[{"name":"wp","href":"https:\/\/api.w.org\/{rel}","templated":true}]}}