{"id":12037,"date":"2022-05-20T18:34:51","date_gmt":"2022-05-20T18:34:51","guid":{"rendered":"https:\/\/smarttechnologyco.com\/?post_type=product&#038;p=12037"},"modified":"2025-10-20T23:47:56","modified_gmt":"2025-10-21T04:47:56","slug":"dh-xvr1b04-i","status":"publish","type":"product","link":"https:\/\/smarttechnologyco.com\/index.php\/producto\/dh-xvr1b04-i\/","title":{"rendered":"DH-XVR1B04-I"},"content":{"rendered":"<p>DH-XVR1B04-I<\/p>\n<p><b>Descripci\u00f3n:<\/b>\u00a0XVR 4CH + 1CH IP GRABACI\u00d3N HASTA 1080N HDMI 1 E\/S RCA 1 SATA H.265+ AI CODING SMDPLUS<\/p>\n","protected":false},"excerpt":{"rendered":"<p><b>Especificaciones<\/b><\/p>\n<ul>\n<li>Tecnolog\u00eda: 4 en 1<\/li>\n<li>Tipo: XVR Hibrido<\/li>\n<li>Serie: Cooper<\/li>\n<li>N\u00famero de Canales: 4CH<\/li>\n<li>Resoluci\u00f3n M\u00e1xima: Grabaci\u00f3n hasta 1080N@30FPS,<\/li>\n<li>Entrada IP: M\u00e1s 2 CH IP<\/li>\n<li>Anal\u00edticas: SMD Plus,<\/li>\n<li>Compresi\u00f3n: H.265, H.265+,<\/li>\n<li>Resoluci\u00f3n 1er Canal: CH1 1080N@15FPS,<\/li>\n<li>Resoluci\u00f3n 1er y 2do Canal: CH1&amp;2 720p@15FPS,<\/li>\n<li>Resoluci\u00f3n Canales Restantes: OTROS CH 720p@15FPS,<\/li>\n<li>Resoluci\u00f3n M\u00e1xima IP: MAX IP 2MP<\/li>\n<li>HDD: HASTA 6TB<\/li>\n<li>Salida HDMI: 1P HDMI<\/li>\n<li>Salidas VGA TV: 1P VGA,<\/li>\n<li>Resoluci\u00f3n M\u00e1xima Salida HDMI 1: HDMI1 1920 \u00d7 1080\/60Hz<\/li>\n<li>Audio Bidireccional: RCA Audio Bidireccional<\/li>\n<li>Interfaz de Red: RJ45 10\/100 Mbps<\/li>\n<\/ul>\n","protected":false},"featured_media":12038,"comment_status":"open","ping_status":"closed","template":"","meta":{"_joinchat":[]},"product_brand":[],"product_cat":[67],"product_tag":[],"class_list":{"0":"post-12037","1":"product","2":"type-product","3":"status-publish","4":"has-post-thumbnail","6":"product_cat-cctv-analogo","8":"first","9":"instock","10":"shipping-taxable","11":"purchasable","12":"product-type-simple"},"_links":{"self":[{"href":"https:\/\/smarttechnologyco.com\/index.php\/wp-json\/wp\/v2\/product\/12037","targetHints":{"allow":["GET"]}}],"collection":[{"href":"https:\/\/smarttechnologyco.com\/index.php\/wp-json\/wp\/v2\/product"}],"about":[{"href":"https:\/\/smarttechnologyco.com\/index.php\/wp-json\/wp\/v2\/types\/product"}],"replies":[{"embeddable":true,"href":"https:\/\/smarttechnologyco.com\/index.php\/wp-json\/wp\/v2\/comments?post=12037"}],"version-history":[{"count":0,"href":"https:\/\/smarttechnologyco.com\/index.php\/wp-json\/wp\/v2\/product\/12037\/revisions"}],"wp:featuredmedia":[{"embeddable":true,"href":"https:\/\/smarttechnologyco.com\/index.php\/wp-json\/wp\/v2\/media\/12038"}],"wp:attachment":[{"href":"https:\/\/smarttechnologyco.com\/index.php\/wp-json\/wp\/v2\/media?parent=12037"}],"wp:term":[{"taxonomy":"product_brand","embeddable":true,"href":"https:\/\/smarttechnologyco.com\/index.php\/wp-json\/wp\/v2\/product_brand?post=12037"},{"taxonomy":"product_cat","embeddable":true,"href":"https:\/\/smarttechnologyco.com\/index.php\/wp-json\/wp\/v2\/product_cat?post=12037"},{"taxonomy":"product_tag","embeddable":true,"href":"https:\/\/smarttechnologyco.com\/index.php\/wp-json\/wp\/v2\/product_tag?post=12037"}],"curies":[{"name":"wp","href":"https:\/\/api.w.org\/{rel}","templated":true}]}}