{"id":12043,"date":"2022-05-20T18:52:32","date_gmt":"2022-05-20T18:52:32","guid":{"rendered":"https:\/\/smarttechnologyco.com\/?post_type=product&#038;p=12043"},"modified":"2025-12-05T15:40:00","modified_gmt":"2025-12-05T20:40:00","slug":"dh-xvr1a08","status":"publish","type":"product","link":"https:\/\/smarttechnologyco.com\/index.php\/producto\/dh-xvr1a08\/","title":{"rendered":"DH-XVR1A08"},"content":{"rendered":"<p>DH-XVR1A08<\/p>\n<p><b>Descripci\u00f3n:<\/b>\u00a0XVR 8CH + 2CH IP GRABACI\u00d3N HASTA 1080N 1 HDMI 1 E\/S RCA 1 SATA H264<\/p>\n","protected":false},"excerpt":{"rendered":"<p><b>Especificaciones <\/b><\/p>\n<ul>\n<li>Tecnolog\u00eda: 4 en 1<\/li>\n<li>Tipo: XVR Hibrido<\/li>\n<li>Serie: Cooper<\/li>\n<li>N\u00famero de Canales: 8CH<\/li>\n<li>Resoluci\u00f3n M\u00e1xima: Grabaci\u00f3n hasta 1080p@30FPS,<\/li>\n<li>Entrada IP: M\u00e1s 2 CH IP<\/li>\n<li>Anal\u00edticas: Detecci\u00f3n de Movimiento,<\/li>\n<li>Compresi\u00f3n: H.264,<\/li>\n<li>Resoluci\u00f3n 1er Canal: CH1 1080N@30FPS,<\/li>\n<li>Resoluci\u00f3n Canales Restantes: OTROS CH 1080N@12FPS,<\/li>\n<li>Resoluci\u00f3n M\u00e1xima IP: MAX IP 5MP<\/li>\n<li>HDD: HASTA 6TB<\/li>\n<li>Salida HDMI: 1P HDMI<\/li>\n<li>Resoluci\u00f3n M\u00e1xima Salida HDMI 1: HDMI1 1920 \u00d7 1080\/60Hz<\/li>\n<li>Audio Bidireccional: RCA Audio Bidireccional<\/li>\n<li>Interfaz de Red: RJ45 10\/100 Mbps<\/li>\n<li>Reproducci\u00f3n Simult\u00e1nea: Reproducci\u00f3n simult\u00e1nea 9-ch<\/li>\n<\/ul>\n","protected":false},"featured_media":12044,"comment_status":"open","ping_status":"closed","template":"","meta":{"_joinchat":[]},"product_brand":[],"product_cat":[67],"product_tag":[],"class_list":{"0":"post-12043","1":"product","2":"type-product","3":"status-publish","4":"has-post-thumbnail","6":"product_cat-cctv-analogo","8":"first","9":"instock","10":"shipping-taxable","11":"purchasable","12":"product-type-simple"},"_links":{"self":[{"href":"https:\/\/smarttechnologyco.com\/index.php\/wp-json\/wp\/v2\/product\/12043","targetHints":{"allow":["GET"]}}],"collection":[{"href":"https:\/\/smarttechnologyco.com\/index.php\/wp-json\/wp\/v2\/product"}],"about":[{"href":"https:\/\/smarttechnologyco.com\/index.php\/wp-json\/wp\/v2\/types\/product"}],"replies":[{"embeddable":true,"href":"https:\/\/smarttechnologyco.com\/index.php\/wp-json\/wp\/v2\/comments?post=12043"}],"version-history":[{"count":0,"href":"https:\/\/smarttechnologyco.com\/index.php\/wp-json\/wp\/v2\/product\/12043\/revisions"}],"wp:featuredmedia":[{"embeddable":true,"href":"https:\/\/smarttechnologyco.com\/index.php\/wp-json\/wp\/v2\/media\/12044"}],"wp:attachment":[{"href":"https:\/\/smarttechnologyco.com\/index.php\/wp-json\/wp\/v2\/media?parent=12043"}],"wp:term":[{"taxonomy":"product_brand","embeddable":true,"href":"https:\/\/smarttechnologyco.com\/index.php\/wp-json\/wp\/v2\/product_brand?post=12043"},{"taxonomy":"product_cat","embeddable":true,"href":"https:\/\/smarttechnologyco.com\/index.php\/wp-json\/wp\/v2\/product_cat?post=12043"},{"taxonomy":"product_tag","embeddable":true,"href":"https:\/\/smarttechnologyco.com\/index.php\/wp-json\/wp\/v2\/product_tag?post=12043"}],"curies":[{"name":"wp","href":"https:\/\/api.w.org\/{rel}","templated":true}]}}