{"id":12050,"date":"2022-05-20T19:04:43","date_gmt":"2022-05-20T19:04:43","guid":{"rendered":"https:\/\/smarttechnologyco.com\/?post_type=product&#038;p=12050"},"modified":"2026-04-17T17:17:13","modified_gmt":"2026-04-17T22:17:13","slug":"dh-xvr1b16-i","status":"publish","type":"product","link":"https:\/\/smarttechnologyco.com\/index.php\/producto\/dh-xvr1b16-i\/","title":{"rendered":"DH-XVR1B16-I"},"content":{"rendered":"<p>DH-XVR1B16-I<\/p>\n<p><b>Descripci\u00f3n:<\/b>\u00a0XVR 16CH + 2CH IP GRABACI\u00d3N HASTA 1080N 4CH CON SMD 1 HDMI 1 E\/S RCA 1 SATA AI CODING\/H.265<\/p>\n","protected":false},"excerpt":{"rendered":"<p><b>Especificaciones<\/b><\/p>\n<ul>\n<li>Tecnolog\u00eda: 4 en 1<\/li>\n<li>Tipo: XVR Hibrido<\/li>\n<li>Serie: Cooper<\/li>\n<li>N\u00famero de Canales: 16CH<\/li>\n<li>Resoluci\u00f3n M\u00e1xima: Grabaci\u00f3n hasta 1080p@30FPS,<\/li>\n<li>Entrada IP: M\u00e1s 8 CH IP<\/li>\n<li>Anal\u00edticas: SMD Plus,<\/li>\n<li>Compresi\u00f3n: H.265, H.265+,<\/li>\n<li>Resoluci\u00f3n 1er Canal: CH1 1080N@25FPS,<\/li>\n<li>Resoluci\u00f3n Canales Restantes: OTROS CH 1080N@15FPS,<\/li>\n<li>Resoluci\u00f3n M\u00e1xima IP: MAX IP 6MP<\/li>\n<li>HDD: HASTA 6TB<\/li>\n<li>Salida HDMI: 1P HDMI<\/li>\n<li>Salidas VGA TV: 1P VGA,<\/li>\n<li>Resoluci\u00f3n M\u00e1xima Salida HDMI 1: HDMI1 1920 \u00d7 1080\/60Hz<\/li>\n<\/ul>\n<p>Interfaz de Red: RJ45 10\/100 Mbps<\/p>\n","protected":false},"featured_media":12051,"comment_status":"open","ping_status":"closed","template":"","meta":{"_joinchat":[]},"product_brand":[],"product_cat":[67],"product_tag":[],"class_list":{"0":"post-12050","1":"product","2":"type-product","3":"status-publish","4":"has-post-thumbnail","6":"product_cat-cctv-analogo","8":"first","9":"instock","10":"shipping-taxable","11":"purchasable","12":"product-type-simple"},"_links":{"self":[{"href":"https:\/\/smarttechnologyco.com\/index.php\/wp-json\/wp\/v2\/product\/12050","targetHints":{"allow":["GET"]}}],"collection":[{"href":"https:\/\/smarttechnologyco.com\/index.php\/wp-json\/wp\/v2\/product"}],"about":[{"href":"https:\/\/smarttechnologyco.com\/index.php\/wp-json\/wp\/v2\/types\/product"}],"replies":[{"embeddable":true,"href":"https:\/\/smarttechnologyco.com\/index.php\/wp-json\/wp\/v2\/comments?post=12050"}],"version-history":[{"count":0,"href":"https:\/\/smarttechnologyco.com\/index.php\/wp-json\/wp\/v2\/product\/12050\/revisions"}],"wp:featuredmedia":[{"embeddable":true,"href":"https:\/\/smarttechnologyco.com\/index.php\/wp-json\/wp\/v2\/media\/12051"}],"wp:attachment":[{"href":"https:\/\/smarttechnologyco.com\/index.php\/wp-json\/wp\/v2\/media?parent=12050"}],"wp:term":[{"taxonomy":"product_brand","embeddable":true,"href":"https:\/\/smarttechnologyco.com\/index.php\/wp-json\/wp\/v2\/product_brand?post=12050"},{"taxonomy":"product_cat","embeddable":true,"href":"https:\/\/smarttechnologyco.com\/index.php\/wp-json\/wp\/v2\/product_cat?post=12050"},{"taxonomy":"product_tag","embeddable":true,"href":"https:\/\/smarttechnologyco.com\/index.php\/wp-json\/wp\/v2\/product_tag?post=12050"}],"curies":[{"name":"wp","href":"https:\/\/api.w.org\/{rel}","templated":true}]}}