{"id":12111,"date":"2022-05-21T14:49:07","date_gmt":"2022-05-21T14:49:07","guid":{"rendered":"https:\/\/smarttechnologyco.com\/?post_type=product&#038;p=12111"},"modified":"2025-12-05T15:24:04","modified_gmt":"2025-12-05T20:24:04","slug":"dh-ipc-hdpw1230r1n-zs-s4","status":"publish","type":"product","link":"https:\/\/smarttechnologyco.com\/index.php\/producto\/dh-ipc-hdpw1230r1n-zs-s4\/","title":{"rendered":"DH-IPC-HDPW1230R1N-ZS-S4"},"content":{"rendered":"<p>DH-IPC-HDPW1230R1N-ZS-S4<\/p>\n<p><b>Descripci\u00f3n:<\/b>\u00a0C\u00c1MARA IP DOMO PL\u00c1STICO 2MP@30FPS LENTE MOTOR. 2,8 &#8211; 12MM FOV 105\u00b0 &#8211; 33\u00b0 DWDR IR 40M H.265+ POE IP67<\/p>\n","protected":false},"excerpt":{"rendered":"<p><b>Especificaciones<\/b><\/p>\n<ul>\n<li>Serie: EZIP-Sin Anal\u00edticas<\/li>\n<li>C\u00e1maras IP<\/li>\n<li>Domo C\u00fapula IP<\/li>\n<li>Material: Pl\u00e1stica<\/li>\n<li>Resoluci\u00f3n: 2MP@30FPS<\/li>\n<li>Lente: Lente Motorizado<\/li>\n<li>Distancia Focal: 2.8~12mm<\/li>\n<li>Anal\u00edticas: Sin anal\u00edticas, Detecci\u00f3n de movimiento,<\/li>\n<li>Caracter\u00edsticas: DWDR, MicroSD, PoE<\/li>\n<li>Sensor de Imagen : 1\/2.7&#8243;<\/li>\n<li>Compresi\u00f3n: H.264, H.264+, H.265, H.265+,<\/li>\n<li>IR: IR 40m<\/li>\n<li>Protecci\u00f3n: IP67,<\/li>\n<li>Alimentaci\u00f3n: 12VDC<\/li>\n<li>Consumo: 4.3 W<\/li>\n<\/ul>\n<p>Fuente de Poder M\u00ednima: 0.74A<\/p>\n","protected":false},"featured_media":12112,"comment_status":"open","ping_status":"closed","template":"","meta":{"_joinchat":[]},"product_brand":[],"product_cat":[71],"product_tag":[],"class_list":{"0":"post-12111","1":"product","2":"type-product","3":"status-publish","4":"has-post-thumbnail","6":"product_cat-cctv-ip","8":"first","9":"instock","10":"shipping-taxable","11":"purchasable","12":"product-type-simple"},"_links":{"self":[{"href":"https:\/\/smarttechnologyco.com\/index.php\/wp-json\/wp\/v2\/product\/12111","targetHints":{"allow":["GET"]}}],"collection":[{"href":"https:\/\/smarttechnologyco.com\/index.php\/wp-json\/wp\/v2\/product"}],"about":[{"href":"https:\/\/smarttechnologyco.com\/index.php\/wp-json\/wp\/v2\/types\/product"}],"replies":[{"embeddable":true,"href":"https:\/\/smarttechnologyco.com\/index.php\/wp-json\/wp\/v2\/comments?post=12111"}],"version-history":[{"count":0,"href":"https:\/\/smarttechnologyco.com\/index.php\/wp-json\/wp\/v2\/product\/12111\/revisions"}],"wp:featuredmedia":[{"embeddable":true,"href":"https:\/\/smarttechnologyco.com\/index.php\/wp-json\/wp\/v2\/media\/12112"}],"wp:attachment":[{"href":"https:\/\/smarttechnologyco.com\/index.php\/wp-json\/wp\/v2\/media?parent=12111"}],"wp:term":[{"taxonomy":"product_brand","embeddable":true,"href":"https:\/\/smarttechnologyco.com\/index.php\/wp-json\/wp\/v2\/product_brand?post=12111"},{"taxonomy":"product_cat","embeddable":true,"href":"https:\/\/smarttechnologyco.com\/index.php\/wp-json\/wp\/v2\/product_cat?post=12111"},{"taxonomy":"product_tag","embeddable":true,"href":"https:\/\/smarttechnologyco.com\/index.php\/wp-json\/wp\/v2\/product_tag?post=12111"}],"curies":[{"name":"wp","href":"https:\/\/api.w.org\/{rel}","templated":true}]}}