{"id":12151,"date":"2022-05-23T20:14:57","date_gmt":"2022-05-23T20:14:57","guid":{"rendered":"https:\/\/smarttechnologyco.com\/?post_type=product&#038;p=12151"},"modified":"2025-12-05T15:49:18","modified_gmt":"2025-12-05T20:49:18","slug":"dhi-nvr4232-4ks2-l","status":"publish","type":"product","link":"https:\/\/smarttechnologyco.com\/index.php\/producto\/dhi-nvr4232-4ks2-l\/","title":{"rendered":"DHI-NVR4232-4KS2-L"},"content":{"rendered":"<p>DHI-NVR4232-4KS2-L<\/p>\n<p><b>Descripci\u00f3n:<\/b>\u00a0NVR 32CH H.265 DECODIFICACI\u00d3N 2CH@4K U 8CH@2MP AB ENTRADA 160MBPS 2 SATA 1 HDMI<\/p>\n","protected":false},"excerpt":{"rendered":"<p><b>Especificaciones<\/b><\/p>\n<ul>\n<li>Tecnolog\u00eda: IP<\/li>\n<li>Serie: IP Lite,<\/li>\n<li>N\u00famero de Canales: 32CH<\/li>\n<li>Resoluci\u00f3n M\u00e1xima: Hasta 8MP<\/li>\n<li>Capacidad de Decodificaci\u00f3n : 8CH@1080P<\/li>\n<li>Ancho de Banda de Entrada (Mbps): Entrada 160Mbps,<\/li>\n<li>Anal\u00edticas: Conteo de Personas, Cruce de l\u00ednea e intrusi\u00f3n, Detecci\u00f3n Facial, Mapa de calor, SDM plus (Detecci\u00f3n de humanos y veh\u00edculos),<\/li>\n<li>Compresi\u00f3n: H.264, H.264+, H.265, H.265+,<\/li>\n<li>N\u00famero de HDD: 2 SATA<\/li>\n<li>HDD: HASTA 10TB<\/li>\n<li>Salidas HDMI: 1P HDMI<\/li>\n<li>Salidas VGA: 1P VGA<\/li>\n<li>Resoluci\u00f3n m\u00e1xima salida HDMI 1: HDMI1 (3840 \u00d7 2160)\/30Hz<\/li>\n<li>Interfaz de red: RJ45 10\/100\/1000 Mbps<\/li>\n<li>Cantidad Puertos RJ45: 1P RJ45<\/li>\n<li>E\/S Alarma: E\/S Alarma 4\/2<\/li>\n<li>Consumo sin HDD: 5,6W<\/li>\n<\/ul>\n","protected":false},"featured_media":12152,"comment_status":"open","ping_status":"closed","template":"","meta":{"_joinchat":[]},"product_brand":[],"product_cat":[71],"product_tag":[],"class_list":{"0":"post-12151","1":"product","2":"type-product","3":"status-publish","4":"has-post-thumbnail","6":"product_cat-cctv-ip","8":"first","9":"instock","10":"shipping-taxable","11":"purchasable","12":"product-type-simple"},"_links":{"self":[{"href":"https:\/\/smarttechnologyco.com\/index.php\/wp-json\/wp\/v2\/product\/12151","targetHints":{"allow":["GET"]}}],"collection":[{"href":"https:\/\/smarttechnologyco.com\/index.php\/wp-json\/wp\/v2\/product"}],"about":[{"href":"https:\/\/smarttechnologyco.com\/index.php\/wp-json\/wp\/v2\/types\/product"}],"replies":[{"embeddable":true,"href":"https:\/\/smarttechnologyco.com\/index.php\/wp-json\/wp\/v2\/comments?post=12151"}],"version-history":[{"count":0,"href":"https:\/\/smarttechnologyco.com\/index.php\/wp-json\/wp\/v2\/product\/12151\/revisions"}],"wp:featuredmedia":[{"embeddable":true,"href":"https:\/\/smarttechnologyco.com\/index.php\/wp-json\/wp\/v2\/media\/12152"}],"wp:attachment":[{"href":"https:\/\/smarttechnologyco.com\/index.php\/wp-json\/wp\/v2\/media?parent=12151"}],"wp:term":[{"taxonomy":"product_brand","embeddable":true,"href":"https:\/\/smarttechnologyco.com\/index.php\/wp-json\/wp\/v2\/product_brand?post=12151"},{"taxonomy":"product_cat","embeddable":true,"href":"https:\/\/smarttechnologyco.com\/index.php\/wp-json\/wp\/v2\/product_cat?post=12151"},{"taxonomy":"product_tag","embeddable":true,"href":"https:\/\/smarttechnologyco.com\/index.php\/wp-json\/wp\/v2\/product_tag?post=12151"}],"curies":[{"name":"wp","href":"https:\/\/api.w.org\/{rel}","templated":true}]}}