{"id":12154,"date":"2022-05-23T20:17:04","date_gmt":"2022-05-23T20:17:04","guid":{"rendered":"https:\/\/smarttechnologyco.com\/?post_type=product&#038;p=12154"},"modified":"2025-12-05T15:48:42","modified_gmt":"2025-12-05T20:48:42","slug":"dhi-nvr2104hs-p-4ks2","status":"publish","type":"product","link":"https:\/\/smarttechnologyco.com\/index.php\/producto\/dhi-nvr2104hs-p-4ks2\/","title":{"rendered":"DHI-NVR2104HS-P-4KS2"},"content":{"rendered":"<p>DHI-NVR2104HS-P-4KS2<\/p>\n<p><b>Descripci\u00f3n:<\/b>\u00a0NVR 4CH H.265 DECODIFICACI\u00d3N 1CH@4K O 4CH@2MP AB ENTRADA 80MBPS 1 SATA 1 HDMI 4 PoE MAX. 50W<\/p>\n","protected":false},"excerpt":{"rendered":"<p><b>Especificaciones<\/b><\/p>\n<ul>\n<li>Tecnolog\u00eda: IP<\/li>\n<li>Serie: IP Lite<\/li>\n<li>N\u00famero de Canales: 4CH<\/li>\n<li>Resoluci\u00f3n Grabaci\u00f3n M\u00e1xima: Hasta 8MP<\/li>\n<li>Capacidad de Decodificaci\u00f3n : 4CH@1080P<\/li>\n<li>Ancho de banda de entrada (Mbps): Entrada 80 Mbps,<\/li>\n<li>Compresi\u00f3n: H.264, H.265,<\/li>\n<li>Puertos SATA: 1 SATA<\/li>\n<li>HDD: HASTA 6TB<\/li>\n<li>Salidas HDMI: 1P HDMI<\/li>\n<li>Salidas VGA: 1P VGA<\/li>\n<li>Resoluci\u00f3n salida m\u00e1xima HDMI 1: HDMI1 (3840 \u00d7 2160)\/30Hz<\/li>\n<li>Cantidad Puertos RJ45: 1P RJ45<\/li>\n<li>Interfaz de red: RJ45 10\/100 Mbps<\/li>\n<li>Reproducci\u00f3n s\u00edncrona: Reproducci\u00f3n s\u00edncrona 4-ch<\/li>\n<li>Puertos PoE: PoE 4P,<\/li>\n<li>Potencia PoE Total: 50W<\/li>\n<li>Consumo sin HDD: 5,3W<\/li>\n<\/ul>\n","protected":false},"featured_media":12132,"comment_status":"open","ping_status":"closed","template":"","meta":{"_joinchat":[]},"product_brand":[],"product_cat":[71],"product_tag":[],"class_list":{"0":"post-12154","1":"product","2":"type-product","3":"status-publish","4":"has-post-thumbnail","6":"product_cat-cctv-ip","8":"first","9":"instock","10":"shipping-taxable","11":"purchasable","12":"product-type-simple"},"_links":{"self":[{"href":"https:\/\/smarttechnologyco.com\/index.php\/wp-json\/wp\/v2\/product\/12154","targetHints":{"allow":["GET"]}}],"collection":[{"href":"https:\/\/smarttechnologyco.com\/index.php\/wp-json\/wp\/v2\/product"}],"about":[{"href":"https:\/\/smarttechnologyco.com\/index.php\/wp-json\/wp\/v2\/types\/product"}],"replies":[{"embeddable":true,"href":"https:\/\/smarttechnologyco.com\/index.php\/wp-json\/wp\/v2\/comments?post=12154"}],"version-history":[{"count":0,"href":"https:\/\/smarttechnologyco.com\/index.php\/wp-json\/wp\/v2\/product\/12154\/revisions"}],"wp:featuredmedia":[{"embeddable":true,"href":"https:\/\/smarttechnologyco.com\/index.php\/wp-json\/wp\/v2\/media\/12132"}],"wp:attachment":[{"href":"https:\/\/smarttechnologyco.com\/index.php\/wp-json\/wp\/v2\/media?parent=12154"}],"wp:term":[{"taxonomy":"product_brand","embeddable":true,"href":"https:\/\/smarttechnologyco.com\/index.php\/wp-json\/wp\/v2\/product_brand?post=12154"},{"taxonomy":"product_cat","embeddable":true,"href":"https:\/\/smarttechnologyco.com\/index.php\/wp-json\/wp\/v2\/product_cat?post=12154"},{"taxonomy":"product_tag","embeddable":true,"href":"https:\/\/smarttechnologyco.com\/index.php\/wp-json\/wp\/v2\/product_tag?post=12154"}],"curies":[{"name":"wp","href":"https:\/\/api.w.org\/{rel}","templated":true}]}}