{"id":12156,"date":"2022-05-23T20:22:30","date_gmt":"2022-05-23T20:22:30","guid":{"rendered":"https:\/\/smarttechnologyco.com\/?post_type=product&#038;p=12156"},"modified":"2026-01-27T11:57:57","modified_gmt":"2026-01-27T16:57:57","slug":"dhi-nvr1108hs-8p-s3h","status":"publish","type":"product","link":"https:\/\/smarttechnologyco.com\/index.php\/producto\/dhi-nvr1108hs-8p-s3h\/","title":{"rendered":"DHI-NVR1108HS-8P-S3H"},"content":{"rendered":"<p>DHI-NVR1108HS-8P-S3H<\/p>\n<p><b>Descripci\u00f3n:<\/b>\u00a0NVR 8CH H.265+ DECODIFICACI\u00d3N 1CH@6MP U 4CH@1080P AB ENTRADA 80MBPS 1 SATA 1 HDMI 8 POE MAX. 72W<\/p>\n","protected":false},"excerpt":{"rendered":"<p><b>Especificaciones<\/b><\/p>\n<ul>\n<li>Tecnolog\u00eda: IP<\/li>\n<li>Serie: EZIP &#8211; Sin Anal\u00edticas<\/li>\n<li>N\u00famero de Canales: 8CH<\/li>\n<li>Resoluci\u00f3n M\u00e1xima: Hasta 8MP<\/li>\n<li>Capacidad de Decodificaci\u00f3n : 4CH@1080P<\/li>\n<li>Ancho de Banda de Entrada (Mbps): Entrada 80 Mbps,<\/li>\n<li>Anal\u00edticas: Detecci\u00f3n de movimiento,<\/li>\n<li>Compresi\u00f3n: H.264, H.264+, H.265, H.265+,<\/li>\n<li>N\u00famero de HDD: 1 SATA<\/li>\n<li>HDD: HASTA 8TB<\/li>\n<li>Salidas HDMI: 1P HDMI<\/li>\n<li>Salidas VGA: 1P VGA<\/li>\n<li>Interfaz de red: RJ45 10\/100 Mbps<\/li>\n<li>Cantidad Puertos RJ45: 1P RJ45<\/li>\n<li>Reproducci\u00f3n simult\u00e1nea: Reproducci\u00f3n simult\u00e1nea 9-ch<\/li>\n<li>Puertos PoE: PoE 8P,<\/li>\n<\/ul>\n<p>Potencia PoE Total: 72W<\/p>\n","protected":false},"featured_media":0,"comment_status":"open","ping_status":"closed","template":"","meta":{"_joinchat":[]},"product_brand":[],"product_cat":[71],"product_tag":[],"class_list":{"0":"post-12156","1":"product","2":"type-product","3":"status-publish","5":"product_cat-cctv-ip","7":"first","8":"instock","9":"shipping-taxable","10":"purchasable","11":"product-type-simple"},"_links":{"self":[{"href":"https:\/\/smarttechnologyco.com\/index.php\/wp-json\/wp\/v2\/product\/12156","targetHints":{"allow":["GET"]}}],"collection":[{"href":"https:\/\/smarttechnologyco.com\/index.php\/wp-json\/wp\/v2\/product"}],"about":[{"href":"https:\/\/smarttechnologyco.com\/index.php\/wp-json\/wp\/v2\/types\/product"}],"replies":[{"embeddable":true,"href":"https:\/\/smarttechnologyco.com\/index.php\/wp-json\/wp\/v2\/comments?post=12156"}],"version-history":[{"count":0,"href":"https:\/\/smarttechnologyco.com\/index.php\/wp-json\/wp\/v2\/product\/12156\/revisions"}],"wp:attachment":[{"href":"https:\/\/smarttechnologyco.com\/index.php\/wp-json\/wp\/v2\/media?parent=12156"}],"wp:term":[{"taxonomy":"product_brand","embeddable":true,"href":"https:\/\/smarttechnologyco.com\/index.php\/wp-json\/wp\/v2\/product_brand?post=12156"},{"taxonomy":"product_cat","embeddable":true,"href":"https:\/\/smarttechnologyco.com\/index.php\/wp-json\/wp\/v2\/product_cat?post=12156"},{"taxonomy":"product_tag","embeddable":true,"href":"https:\/\/smarttechnologyco.com\/index.php\/wp-json\/wp\/v2\/product_tag?post=12156"}],"curies":[{"name":"wp","href":"https:\/\/api.w.org\/{rel}","templated":true}]}}