{"id":12168,"date":"2022-05-23T20:35:41","date_gmt":"2022-05-23T20:35:41","guid":{"rendered":"https:\/\/smarttechnologyco.com\/?post_type=product&#038;p=12168"},"modified":"2025-08-31T14:37:38","modified_gmt":"2025-08-31T19:37:38","slug":"dh-sd29204uen-gn-w","status":"publish","type":"product","link":"https:\/\/smarttechnologyco.com\/index.php\/producto\/dh-sd29204uen-gn-w\/","title":{"rendered":"DH-SD29204UEN-GN-W"},"content":{"rendered":"<p>DH-SD29204UEN-GN-W<\/p>\n<p><b>Descripci\u00f3n:<\/b>\u00a0DOMO PTZ IP 2MP STARLIGHT ZOOM 4X LENTE 2,7~`11MM WDR 120DB IR 30M 5IVS WIFI SLOT MICRO SD<\/p>\n","protected":false},"excerpt":{"rendered":"<p><b>Especificaciones<\/b><\/p>\n<ul>\n<li>Tecnolog\u00eda: IP<\/li>\n<li>Serie: IP PTZ<\/li>\n<li>Modelo: Domo<\/li>\n<li>Material: Metal<\/li>\n<li>Resoluci\u00f3n: 2MP@30FPS<\/li>\n<li>Tama\u00f1o C\u00fapula: 132,7mm<\/li>\n<li>Zoom \u00d3ptico: 4X,<\/li>\n<li>Sensor de Imagen: Sensor 1\/2.8&#8243;<\/li>\n<li>Rango Pan\/Tilt: Pan 0\u00b0~360\u00b0 Continuo, Tilt 0\u00b0~90\u00b0,<\/li>\n<li>Compresi\u00f3n: H264, H265,<\/li>\n<li>IR: IR 30m<\/li>\n<li>E\/S Audio: Mic incorporado<\/li>\n<li>Caracter\u00edsticas: WDR 120dB, StarLight, WIFI, MicroSD,<\/li>\n<li>Anal\u00edticas: 4 anal\u00edticas, Detecci\u00f3n facial,<\/li>\n<li>Alimentaci\u00f3n: 12VDC<\/li>\n<li>Consumo: 13w<\/li>\n<\/ul>\n<p>Fuente de poder m\u00ednima: 2A<\/p>\n","protected":false},"featured_media":12169,"comment_status":"open","ping_status":"closed","template":"","meta":{"_joinchat":[]},"product_brand":[],"product_cat":[71],"product_tag":[],"class_list":{"0":"post-12168","1":"product","2":"type-product","3":"status-publish","4":"has-post-thumbnail","6":"product_cat-cctv-ip","8":"first","9":"instock","10":"shipping-taxable","11":"purchasable","12":"product-type-simple"},"_links":{"self":[{"href":"https:\/\/smarttechnologyco.com\/index.php\/wp-json\/wp\/v2\/product\/12168","targetHints":{"allow":["GET"]}}],"collection":[{"href":"https:\/\/smarttechnologyco.com\/index.php\/wp-json\/wp\/v2\/product"}],"about":[{"href":"https:\/\/smarttechnologyco.com\/index.php\/wp-json\/wp\/v2\/types\/product"}],"replies":[{"embeddable":true,"href":"https:\/\/smarttechnologyco.com\/index.php\/wp-json\/wp\/v2\/comments?post=12168"}],"version-history":[{"count":0,"href":"https:\/\/smarttechnologyco.com\/index.php\/wp-json\/wp\/v2\/product\/12168\/revisions"}],"wp:featuredmedia":[{"embeddable":true,"href":"https:\/\/smarttechnologyco.com\/index.php\/wp-json\/wp\/v2\/media\/12169"}],"wp:attachment":[{"href":"https:\/\/smarttechnologyco.com\/index.php\/wp-json\/wp\/v2\/media?parent=12168"}],"wp:term":[{"taxonomy":"product_brand","embeddable":true,"href":"https:\/\/smarttechnologyco.com\/index.php\/wp-json\/wp\/v2\/product_brand?post=12168"},{"taxonomy":"product_cat","embeddable":true,"href":"https:\/\/smarttechnologyco.com\/index.php\/wp-json\/wp\/v2\/product_cat?post=12168"},{"taxonomy":"product_tag","embeddable":true,"href":"https:\/\/smarttechnologyco.com\/index.php\/wp-json\/wp\/v2\/product_tag?post=12168"}],"curies":[{"name":"wp","href":"https:\/\/api.w.org\/{rel}","templated":true}]}}