{"id":12171,"date":"2022-05-23T20:38:43","date_gmt":"2022-05-23T20:38:43","guid":{"rendered":"https:\/\/smarttechnologyco.com\/?post_type=product&#038;p=12171"},"modified":"2025-09-15T07:11:10","modified_gmt":"2025-09-15T12:11:10","slug":"dh-sd59225un-hni","status":"publish","type":"product","link":"https:\/\/smarttechnologyco.com\/index.php\/producto\/dh-sd59225un-hni\/","title":{"rendered":"DH-SD59225UN-HNI"},"content":{"rendered":"<p>DH-SD59225UN-HNI<\/p>\n<p><b>Descripci\u00f3n:<\/b>\u00a0DOMO PTZ IP 2MP@60PFS ZOOM 25X TILT -15\u00b0~90\u00b0 WDR H.265+ IP66 IR 150M POE+ AUTOTRACKING INCL. SOPORTE<\/p>\n","protected":false},"excerpt":{"rendered":"<p><b>Especificaciones<\/b><\/p>\n<ul>\n<li>Tecnolog\u00eda: IP<\/li>\n<li>Serie: IP PTZ<\/li>\n<li>Modelo: Domo<\/li>\n<li>Material: Metal<\/li>\n<li>Resoluci\u00f3n: 2MP@60FPS<\/li>\n<li>Tama\u00f1o C\u00fapula: 186mm<\/li>\n<li>Zoom \u00d3ptico: 25X,<\/li>\n<li>Sensor de Imagen: Sensor 1\/2.8&#8243;<\/li>\n<li>Rango Pan\/Tilt: Pan 0\u00b0~360\u00b0 Continuo, Tilt -15\u00b0~90\u00b0,<\/li>\n<li>Compresi\u00f3n: H264, H264+, H265, H265+,<\/li>\n<li>IR: IR 150m<\/li>\n<li>Protecci\u00f3n: IP66,<\/li>\n<li>E\/S Audio: Mic y speaker RCA<\/li>\n<li>E\/S Alarma: E\/S Alarma 2\/1<\/li>\n<li>Caracter\u00edsticas: PoE, PoE+, WDR 120dB, IA, StarLight, MicroSD,<\/li>\n<li>Anal\u00edticas: 4 anal\u00edticas, Auto tracking, Detecci\u00f3n facial, Mapa de Calor,<\/li>\n<li>Alimentaci\u00f3n: 24VDC<\/li>\n<li>Consumo: 23W<\/li>\n<\/ul>\n<p>Fuente de poder m\u00ednima: 5A<\/p>\n","protected":false},"featured_media":12172,"comment_status":"open","ping_status":"closed","template":"","meta":{"_joinchat":[]},"product_brand":[],"product_cat":[71],"product_tag":[],"class_list":{"0":"post-12171","1":"product","2":"type-product","3":"status-publish","4":"has-post-thumbnail","6":"product_cat-cctv-ip","8":"first","9":"instock","10":"shipping-taxable","11":"purchasable","12":"product-type-simple"},"_links":{"self":[{"href":"https:\/\/smarttechnologyco.com\/index.php\/wp-json\/wp\/v2\/product\/12171","targetHints":{"allow":["GET"]}}],"collection":[{"href":"https:\/\/smarttechnologyco.com\/index.php\/wp-json\/wp\/v2\/product"}],"about":[{"href":"https:\/\/smarttechnologyco.com\/index.php\/wp-json\/wp\/v2\/types\/product"}],"replies":[{"embeddable":true,"href":"https:\/\/smarttechnologyco.com\/index.php\/wp-json\/wp\/v2\/comments?post=12171"}],"version-history":[{"count":0,"href":"https:\/\/smarttechnologyco.com\/index.php\/wp-json\/wp\/v2\/product\/12171\/revisions"}],"wp:featuredmedia":[{"embeddable":true,"href":"https:\/\/smarttechnologyco.com\/index.php\/wp-json\/wp\/v2\/media\/12172"}],"wp:attachment":[{"href":"https:\/\/smarttechnologyco.com\/index.php\/wp-json\/wp\/v2\/media?parent=12171"}],"wp:term":[{"taxonomy":"product_brand","embeddable":true,"href":"https:\/\/smarttechnologyco.com\/index.php\/wp-json\/wp\/v2\/product_brand?post=12171"},{"taxonomy":"product_cat","embeddable":true,"href":"https:\/\/smarttechnologyco.com\/index.php\/wp-json\/wp\/v2\/product_cat?post=12171"},{"taxonomy":"product_tag","embeddable":true,"href":"https:\/\/smarttechnologyco.com\/index.php\/wp-json\/wp\/v2\/product_tag?post=12171"}],"curies":[{"name":"wp","href":"https:\/\/api.w.org\/{rel}","templated":true}]}}