{"id":12183,"date":"2022-05-23T20:53:38","date_gmt":"2022-05-23T20:53:38","guid":{"rendered":"https:\/\/smarttechnologyco.com\/?post_type=product&#038;p=12183"},"modified":"2025-08-31T14:38:44","modified_gmt":"2025-08-31T19:38:44","slug":"dh-sd6ce445xan-hnr","status":"publish","type":"product","link":"https:\/\/smarttechnologyco.com\/index.php\/producto\/dh-sd6ce445xan-hnr\/","title":{"rendered":"DH-SD6CE445XAN-HNR"},"content":{"rendered":"<p>DH-SD6CE445XAN-HNR<\/p>\n<p><b>Descripci\u00f3n:<\/b>\u00a0DOMO PTZ IP AI 4MP ZOOM 45X WDR 120DB H265+ IP67 IK10 IR 250M HEATER POE+ INCL. SOPORTE Y FUENTE<\/p>\n","protected":false},"excerpt":{"rendered":"<p><b>Especificaciones<\/b><\/p>\n<ul>\n<li>Tecnolog\u00eda: IP<\/li>\n<li>Serie: IP PTZ<\/li>\n<li>Modelo: Domo<\/li>\n<li>Material: Metal<\/li>\n<li>Resoluci\u00f3n: 4MP@25FPS<\/li>\n<li>Tama\u00f1o C\u00fapula: 20.9<\/li>\n<li>Zoom \u00d3ptico: 45X,<\/li>\n<li>Sensor de Imagen: Sensor 1\/2.8&#8243;<\/li>\n<li>Rango Pan\/Tilt: Pan 0\u00b0~360\u00b0 Continuo, Tilt -20\u00b0~90\u00b0,<\/li>\n<li>Compresi\u00f3n: H264, H264+, H265, H265+,<\/li>\n<li>Puerto RS485: RS485<\/li>\n<li>IR: IR 250m.<\/li>\n<li>Protecci\u00f3n: IP67, IK10,<\/li>\n<li>E\/S Audio: Mic y speaker RCA<\/li>\n<li>E\/S Alarma: E\/S Alarma 7\/2<\/li>\n<li>Caracter\u00edsticas: PoE+, WDR 120dB, IA, StarLight, MicroSD,<\/li>\n<li>Anal\u00edticas: 5 anal\u00edticas, Auto tracking, Detecci\u00f3n de movimiento, Detecci\u00f3n facial,<\/li>\n<li>Alimentaci\u00f3n: 24VAC<\/li>\n<li>Consumo: 26 W<\/li>\n<\/ul>\n<p>Fuente de poder m\u00ednima: 3A<\/p>\n","protected":false},"featured_media":12184,"comment_status":"open","ping_status":"closed","template":"","meta":{"_joinchat":[]},"product_brand":[],"product_cat":[71],"product_tag":[],"class_list":{"0":"post-12183","1":"product","2":"type-product","3":"status-publish","4":"has-post-thumbnail","6":"product_cat-cctv-ip","8":"first","9":"instock","10":"shipping-taxable","11":"purchasable","12":"product-type-simple"},"_links":{"self":[{"href":"https:\/\/smarttechnologyco.com\/index.php\/wp-json\/wp\/v2\/product\/12183","targetHints":{"allow":["GET"]}}],"collection":[{"href":"https:\/\/smarttechnologyco.com\/index.php\/wp-json\/wp\/v2\/product"}],"about":[{"href":"https:\/\/smarttechnologyco.com\/index.php\/wp-json\/wp\/v2\/types\/product"}],"replies":[{"embeddable":true,"href":"https:\/\/smarttechnologyco.com\/index.php\/wp-json\/wp\/v2\/comments?post=12183"}],"version-history":[{"count":0,"href":"https:\/\/smarttechnologyco.com\/index.php\/wp-json\/wp\/v2\/product\/12183\/revisions"}],"wp:featuredmedia":[{"embeddable":true,"href":"https:\/\/smarttechnologyco.com\/index.php\/wp-json\/wp\/v2\/media\/12184"}],"wp:attachment":[{"href":"https:\/\/smarttechnologyco.com\/index.php\/wp-json\/wp\/v2\/media?parent=12183"}],"wp:term":[{"taxonomy":"product_brand","embeddable":true,"href":"https:\/\/smarttechnologyco.com\/index.php\/wp-json\/wp\/v2\/product_brand?post=12183"},{"taxonomy":"product_cat","embeddable":true,"href":"https:\/\/smarttechnologyco.com\/index.php\/wp-json\/wp\/v2\/product_cat?post=12183"},{"taxonomy":"product_tag","embeddable":true,"href":"https:\/\/smarttechnologyco.com\/index.php\/wp-json\/wp\/v2\/product_tag?post=12183"}],"curies":[{"name":"wp","href":"https:\/\/api.w.org\/{rel}","templated":true}]}}